{"id":2863,"date":"2022-07-21T10:48:24","date_gmt":"2022-07-21T10:48:24","guid":{"rendered":"https:\/\/mallorcaexchange.com\/?page_id=2863"},"modified":"2022-07-22T15:36:11","modified_gmt":"2022-07-22T15:36:11","slug":"currency-exchange-in-magaluf-and-places-to-check-this-summer-in-maga","status":"publish","type":"page","link":"https:\/\/mallorcaexchange.com\/es\/cambio-de-moneda-en-magaluf-y-lugares-que-consultar-este-verano-en-maga\/","title":{"rendered":"Cambio de Moneda en Magaluf y Lugares que visitar este Verano en Maga!"},"content":{"rendered":"<p>Hola queridos viajeros y queridos lectores en este post aprender\u00e9is todo lo que pod\u00e9is hacer con vuestro cambio de dinero en Magaluf!<\/p>\n<p>Mucha gente como t\u00fa viaja a Mallorca y especialmente a Magaluf, ya sea para divertirse, para explorar la ciudad de Magaluf o Palmanova, o para disfrutar de un buen almuerzo, \u00a1aqu\u00ed lo tienes todo!<\/p>\n<p>PD Si simplemente buscas cambiar tu dinero haz clic en este enlace y llama o pide cita &gt; <span style=\"text-decoration: underline;\"><a href=\"https:\/\/mallorcaexchange.com\/es\/\">Cambio de moneda Magaluf<\/a><\/span><\/p>\n<h2>Lugares para visitar en Magaluf<\/h2>\n<p>Ahora, hablemos de algunos lugares interesantes que debes visitar durante tu estancia en Magaluf.<\/p>\n<h3>Parque Katmand\u00fa<\/h3>\n<p>Si eres uno de ese tipo de personas que buscan explorar la ciudad y divertirse... debes visitar Katmandu, una de las mejores atracciones y lugares para visitar en Magaluf si buscas pasar un buen rato con tu familia y amigos, tienes desde minigolf hasta una incre\u00edble casa al rev\u00e9s, adem\u00e1s de otras incre\u00edbles atracciones en 3D dentro del parque.<\/p>\n<p>Desde el momento que entras all\u00ed, te preguntas si todav\u00eda est\u00e1s en Mallorca o es un lugar totalmente nuevo y diferente, la mayor\u00eda de los clientes que vienen a <a href=\"https:\/\/es.wikipedia.org\/wiki\/The_House_of_Katmandu\" target=\"_blank\" rel=\"noopener\"><span style=\"text-decoration: underline;\">Parque Katmand\u00fa<\/span><\/a> Vuelve otra vez y recomi\u00e9ndalo.<\/p>\n<p><span style=\"text-decoration: underline; background-color: #00ffff;\">PD Para comprar entradas y ahorrar m\u00e1s dinero<\/span>, puedes comprar estas entradas con nosotros, para ello solo tienes que <a href=\"https:\/\/mallorcaexchange.com\/es\/\" target=\"_blank\" rel=\"nofollow noopener\"><span style=\"text-decoration: underline;\">Vaya a nuestra p\u00e1gina de inicio<\/span><\/a> Para encontrar nuestra oficina, haz clic en mapas, y encuentra nuestro local en Magaluf para comprar tus entradas o cambiar tu dinero, o bien, haz clic en el enlace al final del post para ser redirigido directamente a nuestra oficina en mapas.<\/p>\n<h3>La Playa de Magaluf<\/h3>\n<p>\u00bfTe alojas en un hotel cerca o pr\u00f3ximo a la playa? \u00a1Disfruta de la playa en lugar de quedarte en la piscina y del todo incluido!<\/p>\n<p>La preciosa playa de Magaluf con unas playas incre\u00edbles hace de Magaluf tambi\u00e9n una de las actividades favoritas de los turistas, imag\u00ednate, 30\u00ba, agua dulce, conseguir un gran bronceado bajo el c\u00e1lido sol\u2026 \u00a1la buena vida! no dejes de comprobarlo.<\/p>\n<p>Estas dos son algunas de las mejores actividades para hacer en Magaluf, si deseas obtener m\u00e1s informaci\u00f3n sobre otras incre\u00edbles actividades para hacer en Magaluf, no dudes en contactarnos, \u00a1te esperamos en Magaluf!<\/p>\n<p>Consulta esta gu\u00eda r\u00e1pida sobre <span style=\"text-decoration: underline;\"><a href=\"https:\/\/mallorcaexchange.com\/es\/cambio-de-moneda-magaluf-mallorca\/\">\u00bfD\u00f3nde puedo encontrar una oficina de cambio de moneda en Magaluf?<\/a><\/span><\/p>\n<p>Para encontrar nuestra oficina de cambio de moneda en Magaluf haga clic aqu\u00ed &gt; <a href=\"https:\/\/www.google.com\/maps\/place\/Quick+Exchange\/@39.5054878,2.5304002,17z\/data=!3m1!4b1!4m5!3m4!1s0x129789f0423e5c29:0x58811108ba832955!8m2!3d39.5054837!4d2.5325889\"><span style=\"text-decoration: underline;\">Cambio R\u00e1pido, Av. Magaluf, 6, 07181 Calvi\u00e0, Islas Baleares<\/span><\/a><\/p>\n<p>\u00a1Pasa un verano incre\u00edble y aseg\u00farate de seguir estos fant\u00e1sticos consejos para conseguir el mejor cambio de moneda en tus vacaciones!<\/p>\n<p>\u00a1Saludos desde el equipo de Mallorca Exchange!<\/p>","protected":false},"excerpt":{"rendered":"<p>Hola queridos viajeros y queridos lectores en este post aprender\u00e9is todo lo que pod\u00e9is hacer con vuestro cambio de moneda en Magaluf! Mucha gente como vosotros viaj\u00e1is a Mallorca y en especial a Magaluf, ya sea buscando diversi\u00f3n, conocer la ciudad de Magaluf o Palmanova, o bien buscando un buen almuerzo, [\u2026]<\/p>","protected":false},"author":2,"featured_media":2864,"parent":0,"menu_order":0,"comment_status":"closed","ping_status":"closed","template":"","meta":{"_acf_changed":false,"footnotes":""},"class_list":["post-2863","page","type-page","status-publish","has-post-thumbnail","hentry"],"acf":[],"yoast_head":"<!-- This site is optimized with the Yoast SEO plugin v26.7 - https:\/\/yoast.com\/wordpress\/plugins\/seo\/ -->\n<title>Things to do With your Money Exchange in Magaluf<\/title>\n<meta name=\"description\" content=\"Now you&#039;re wondering what to do with your money exchange in Magaluf? Check out this post and feel free to visit our office in Magaluf!\" \/>\n<meta name=\"robots\" content=\"index, follow, max-snippet:-1, max-image-preview:large, max-video-preview:-1\" \/>\n<link rel=\"canonical\" href=\"https:\/\/mallorcaexchange.com\/es\/cambio-de-moneda-en-magaluf-y-lugares-que-consultar-este-verano-en-maga\/\" \/>\n<meta property=\"og:locale\" content=\"es_ES\" \/>\n<meta property=\"og:type\" content=\"article\" \/>\n<meta property=\"og:title\" content=\"Things to do With your Money Exchange in Magaluf\" \/>\n<meta property=\"og:description\" content=\"Now you&#039;re wondering what to do with your money exchange in Magaluf? Check out this post and feel free to visit our office in Magaluf!\" \/>\n<meta property=\"og:url\" content=\"https:\/\/mallorcaexchange.com\/es\/cambio-de-moneda-en-magaluf-y-lugares-que-consultar-este-verano-en-maga\/\" \/>\n<meta property=\"og:site_name\" content=\"Mallorca Exchange : Currency Exchange Mallorca, Magaluf, Palmanova\" \/>\n<meta property=\"article:modified_time\" content=\"2022-07-22T15:36:11+00:00\" \/>\n<meta property=\"og:image\" content=\"https:\/\/mallorcaexchange.com\/wp-content\/uploads\/2022\/07\/things-to-do-with-your-money-exchange-in-magaluf-scaled.jpg\" \/>\n\t<meta property=\"og:image:width\" content=\"2560\" \/>\n\t<meta property=\"og:image:height\" content=\"1696\" \/>\n\t<meta property=\"og:image:type\" content=\"image\/jpeg\" \/>\n<meta name=\"twitter:card\" content=\"summary_large_image\" \/>\n<meta name=\"twitter:label1\" content=\"Tiempo de lectura\" \/>\n\t<meta name=\"twitter:data1\" content=\"2 minutos\" \/>\n<script type=\"application\/ld+json\" class=\"yoast-schema-graph\">{\"@context\":\"https:\/\/schema.org\",\"@graph\":[{\"@type\":\"WebPage\",\"@id\":\"https:\/\/mallorcaexchange.com\/currency-exchange-in-magaluf-and-places-to-check-this-summer-in-maga\/\",\"url\":\"https:\/\/mallorcaexchange.com\/currency-exchange-in-magaluf-and-places-to-check-this-summer-in-maga\/\",\"name\":\"Things to do With your Money Exchange in Magaluf\",\"isPartOf\":{\"@id\":\"https:\/\/mallorcaexchange.com\/#website\"},\"primaryImageOfPage\":{\"@id\":\"https:\/\/mallorcaexchange.com\/currency-exchange-in-magaluf-and-places-to-check-this-summer-in-maga\/#primaryimage\"},\"image\":{\"@id\":\"https:\/\/mallorcaexchange.com\/currency-exchange-in-magaluf-and-places-to-check-this-summer-in-maga\/#primaryimage\"},\"thumbnailUrl\":\"https:\/\/mallorcaexchange.com\/wp-content\/uploads\/2022\/07\/things-to-do-with-your-money-exchange-in-magaluf-scaled.jpg\",\"datePublished\":\"2022-07-21T10:48:24+00:00\",\"dateModified\":\"2022-07-22T15:36:11+00:00\",\"description\":\"Now you're wondering what to do with your money exchange in Magaluf? Check out this post and feel free to visit our office in Magaluf!\",\"breadcrumb\":{\"@id\":\"https:\/\/mallorcaexchange.com\/currency-exchange-in-magaluf-and-places-to-check-this-summer-in-maga\/#breadcrumb\"},\"inLanguage\":\"es\",\"potentialAction\":[{\"@type\":\"ReadAction\",\"target\":[\"https:\/\/mallorcaexchange.com\/currency-exchange-in-magaluf-and-places-to-check-this-summer-in-maga\/\"]}]},{\"@type\":\"ImageObject\",\"inLanguage\":\"es\",\"@id\":\"https:\/\/mallorcaexchange.com\/currency-exchange-in-magaluf-and-places-to-check-this-summer-in-maga\/#primaryimage\",\"url\":\"https:\/\/mallorcaexchange.com\/wp-content\/uploads\/2022\/07\/things-to-do-with-your-money-exchange-in-magaluf-scaled.jpg\",\"contentUrl\":\"https:\/\/mallorcaexchange.com\/wp-content\/uploads\/2022\/07\/things-to-do-with-your-money-exchange-in-magaluf-scaled.jpg\",\"width\":2560,\"height\":1696,\"caption\":\"activities in Magaluf with your money exchange\"},{\"@type\":\"BreadcrumbList\",\"@id\":\"https:\/\/mallorcaexchange.com\/currency-exchange-in-magaluf-and-places-to-check-this-summer-in-maga\/#breadcrumb\",\"itemListElement\":[{\"@type\":\"ListItem\",\"position\":1,\"name\":\"Home\",\"item\":\"https:\/\/mallorcaexchange.com\/\"},{\"@type\":\"ListItem\",\"position\":2,\"name\":\"Currency Exchange in Magaluf and Places to check This Summer in Maga!\"}]},{\"@type\":\"WebSite\",\"@id\":\"https:\/\/mallorcaexchange.com\/#website\",\"url\":\"https:\/\/mallorcaexchange.com\/\",\"name\":\"Mallorca Exchange : Currency Exchange Mallorca, Magaluf, Palmanova\",\"description\":\"Aren&#039;t you tired of low currency exchange?.. We know, that&#039;s why In Mallorca Money Exchange since 1972 we are offering you the best exchange!\",\"publisher\":{\"@id\":\"https:\/\/mallorcaexchange.com\/#organization\"},\"potentialAction\":[{\"@type\":\"SearchAction\",\"target\":{\"@type\":\"EntryPoint\",\"urlTemplate\":\"https:\/\/mallorcaexchange.com\/?s={search_term_string}\"},\"query-input\":{\"@type\":\"PropertyValueSpecification\",\"valueRequired\":true,\"valueName\":\"search_term_string\"}}],\"inLanguage\":\"es\"},{\"@type\":\"Organization\",\"@id\":\"https:\/\/mallorcaexchange.com\/#organization\",\"name\":\"Mallorca Money Exchange\",\"url\":\"https:\/\/mallorcaexchange.com\/\",\"logo\":{\"@type\":\"ImageObject\",\"inLanguage\":\"es\",\"@id\":\"https:\/\/mallorcaexchange.com\/#\/schema\/logo\/image\/\",\"url\":\"\",\"contentUrl\":\"\",\"caption\":\"Mallorca Money Exchange\"},\"image\":{\"@id\":\"https:\/\/mallorcaexchange.com\/#\/schema\/logo\/image\/\"}}]}<\/script>\n<!-- \/ Yoast SEO plugin. -->","yoast_head_json":{"title":"Things to do With your Money Exchange in Magaluf","description":"Now you're wondering what to do with your money exchange in Magaluf? Check out this post and feel free to visit our office in Magaluf!","robots":{"index":"index","follow":"follow","max-snippet":"max-snippet:-1","max-image-preview":"max-image-preview:large","max-video-preview":"max-video-preview:-1"},"canonical":"https:\/\/mallorcaexchange.com\/es\/cambio-de-moneda-en-magaluf-y-lugares-que-consultar-este-verano-en-maga\/","og_locale":"es_ES","og_type":"article","og_title":"Things to do With your Money Exchange in Magaluf","og_description":"Now you're wondering what to do with your money exchange in Magaluf? Check out this post and feel free to visit our office in Magaluf!","og_url":"https:\/\/mallorcaexchange.com\/es\/cambio-de-moneda-en-magaluf-y-lugares-que-consultar-este-verano-en-maga\/","og_site_name":"Mallorca Exchange : Currency Exchange Mallorca, Magaluf, Palmanova","article_modified_time":"2022-07-22T15:36:11+00:00","og_image":[{"width":2560,"height":1696,"url":"https:\/\/mallorcaexchange.com\/wp-content\/uploads\/2022\/07\/things-to-do-with-your-money-exchange-in-magaluf-scaled.jpg","type":"image\/jpeg"}],"twitter_card":"summary_large_image","twitter_misc":{"Tiempo de lectura":"2 minutos"},"schema":{"@context":"https:\/\/schema.org","@graph":[{"@type":"WebPage","@id":"https:\/\/mallorcaexchange.com\/currency-exchange-in-magaluf-and-places-to-check-this-summer-in-maga\/","url":"https:\/\/mallorcaexchange.com\/currency-exchange-in-magaluf-and-places-to-check-this-summer-in-maga\/","name":"Things to do With your Money Exchange in Magaluf","isPartOf":{"@id":"https:\/\/mallorcaexchange.com\/#website"},"primaryImageOfPage":{"@id":"https:\/\/mallorcaexchange.com\/currency-exchange-in-magaluf-and-places-to-check-this-summer-in-maga\/#primaryimage"},"image":{"@id":"https:\/\/mallorcaexchange.com\/currency-exchange-in-magaluf-and-places-to-check-this-summer-in-maga\/#primaryimage"},"thumbnailUrl":"https:\/\/mallorcaexchange.com\/wp-content\/uploads\/2022\/07\/things-to-do-with-your-money-exchange-in-magaluf-scaled.jpg","datePublished":"2022-07-21T10:48:24+00:00","dateModified":"2022-07-22T15:36:11+00:00","description":"Now you're wondering what to do with your money exchange in Magaluf? Check out this post and feel free to visit our office in Magaluf!","breadcrumb":{"@id":"https:\/\/mallorcaexchange.com\/currency-exchange-in-magaluf-and-places-to-check-this-summer-in-maga\/#breadcrumb"},"inLanguage":"es","potentialAction":[{"@type":"ReadAction","target":["https:\/\/mallorcaexchange.com\/currency-exchange-in-magaluf-and-places-to-check-this-summer-in-maga\/"]}]},{"@type":"ImageObject","inLanguage":"es","@id":"https:\/\/mallorcaexchange.com\/currency-exchange-in-magaluf-and-places-to-check-this-summer-in-maga\/#primaryimage","url":"https:\/\/mallorcaexchange.com\/wp-content\/uploads\/2022\/07\/things-to-do-with-your-money-exchange-in-magaluf-scaled.jpg","contentUrl":"https:\/\/mallorcaexchange.com\/wp-content\/uploads\/2022\/07\/things-to-do-with-your-money-exchange-in-magaluf-scaled.jpg","width":2560,"height":1696,"caption":"activities in Magaluf with your money exchange"},{"@type":"BreadcrumbList","@id":"https:\/\/mallorcaexchange.com\/currency-exchange-in-magaluf-and-places-to-check-this-summer-in-maga\/#breadcrumb","itemListElement":[{"@type":"ListItem","position":1,"name":"Home","item":"https:\/\/mallorcaexchange.com\/"},{"@type":"ListItem","position":2,"name":"Currency Exchange in Magaluf and Places to check This Summer in Maga!"}]},{"@type":"WebSite","@id":"https:\/\/mallorcaexchange.com\/#website","url":"https:\/\/mallorcaexchange.com\/","name":"Mallorca Exchange : Currency Exchange Mallorca, Magaluf, Palmanova","description":"Aren&#039;t you tired of low currency exchange?.. We know, that&#039;s why In Mallorca Money Exchange since 1972 we are offering you the best exchange!","publisher":{"@id":"https:\/\/mallorcaexchange.com\/#organization"},"potentialAction":[{"@type":"SearchAction","target":{"@type":"EntryPoint","urlTemplate":"https:\/\/mallorcaexchange.com\/?s={search_term_string}"},"query-input":{"@type":"PropertyValueSpecification","valueRequired":true,"valueName":"search_term_string"}}],"inLanguage":"es"},{"@type":"Organization","@id":"https:\/\/mallorcaexchange.com\/#organization","name":"Mallorca Money Exchange","url":"https:\/\/mallorcaexchange.com\/","logo":{"@type":"ImageObject","inLanguage":"es","@id":"https:\/\/mallorcaexchange.com\/#\/schema\/logo\/image\/","url":"","contentUrl":"","caption":"Mallorca Money Exchange"},"image":{"@id":"https:\/\/mallorcaexchange.com\/#\/schema\/logo\/image\/"}}]}},"_links":{"self":[{"href":"https:\/\/mallorcaexchange.com\/es\/wp-json\/wp\/v2\/pages\/2863","targetHints":{"allow":["GET"]}}],"collection":[{"href":"https:\/\/mallorcaexchange.com\/es\/wp-json\/wp\/v2\/pages"}],"about":[{"href":"https:\/\/mallorcaexchange.com\/es\/wp-json\/wp\/v2\/types\/page"}],"author":[{"embeddable":true,"href":"https:\/\/mallorcaexchange.com\/es\/wp-json\/wp\/v2\/users\/2"}],"replies":[{"embeddable":true,"href":"https:\/\/mallorcaexchange.com\/es\/wp-json\/wp\/v2\/comments?post=2863"}],"version-history":[{"count":4,"href":"https:\/\/mallorcaexchange.com\/es\/wp-json\/wp\/v2\/pages\/2863\/revisions"}],"predecessor-version":[{"id":2875,"href":"https:\/\/mallorcaexchange.com\/es\/wp-json\/wp\/v2\/pages\/2863\/revisions\/2875"}],"wp:featuredmedia":[{"embeddable":true,"href":"https:\/\/mallorcaexchange.com\/es\/wp-json\/wp\/v2\/media\/2864"}],"wp:attachment":[{"href":"https:\/\/mallorcaexchange.com\/es\/wp-json\/wp\/v2\/media?parent=2863"}],"curies":[{"name":"wp","href":"https:\/\/api.w.org\/{rel}","templated":true}]}}