{"id":28,"date":"2019-08-17T16:45:51","date_gmt":"2019-08-17T16:45:51","guid":{"rendered":"https:\/\/jupiterx.artbees.net\/psychologist\/?page_id=28"},"modified":"2022-08-12T13:28:30","modified_gmt":"2022-08-12T13:28:30","slug":"contact","status":"publish","type":"page","link":"https:\/\/mallorcaexchange.com\/es\/contacto\/","title":{"rendered":"Contacto"},"content":{"rendered":"<div data-elementor-type=\"wp-post\" data-elementor-id=\"28\" class=\"elementor elementor-28\" data-elementor-post-type=\"page\">\n\t\t\t\t\t\t<section class=\"elementor-section elementor-top-section elementor-element elementor-element-c59286b elementor-section-stretched elementor-section-boxed elementor-section-height-default elementor-section-height-default\" data-id=\"c59286b\" data-element_type=\"section\" data-e-type=\"section\" data-settings=\"{&quot;stretch_section&quot;:&quot;section-stretched&quot;}\">\n\t\t\t\t\t\t<div class=\"elementor-container elementor-column-gap-default\">\n\t\t\t\t\t<div class=\"elementor-column elementor-col-100 elementor-top-column elementor-element elementor-element-8ac0bdb\" data-id=\"8ac0bdb\" data-element_type=\"column\" data-e-type=\"column\">\n\t\t\t<div class=\"elementor-widget-wrap elementor-element-populated\">\n\t\t\t\t\t\t<section class=\"elementor-section elementor-inner-section elementor-element elementor-element-b448a1c elementor-section-boxed elementor-section-height-default elementor-section-height-default\" data-id=\"b448a1c\" data-element_type=\"section\" data-e-type=\"section\">\n\t\t\t\t\t\t<div class=\"elementor-container elementor-column-gap-no\">\n\t\t\t\t\t<div class=\"elementor-column elementor-col-50 elementor-inner-column elementor-element elementor-element-df93177\" data-id=\"df93177\" data-element_type=\"column\" data-e-type=\"column\">\n\t\t\t<div class=\"elementor-widget-wrap elementor-element-populated\">\n\t\t\t\t\t\t<div class=\"elementor-element elementor-element-3c6badd elementor-position-inline-start elementor-view-default elementor-mobile-position-block-start elementor-widget elementor-widget-icon-box\" data-id=\"3c6badd\" data-element_type=\"widget\" data-e-type=\"widget\" data-widget_type=\"icon-box.default\">\n\t\t\t\t<div class=\"elementor-widget-container\">\n\t\t\t\t\t\t\t<div class=\"elementor-icon-box-wrapper\">\n\n\t\t\t\t\t\t<div class=\"elementor-icon-box-icon\">\n\t\t\t\t<a href=\"tel: 34 971130282\" class=\"elementor-icon elementor-animation-pulse-grow\" tabindex=\"-1\" aria-label=\"Tel\u00e9fono\">\n\t\t\t\t<i aria-hidden=\"true\" class=\"fas fa-phone-alt\"><\/i>\t\t\t\t<\/a>\n\t\t\t<\/div>\n\t\t\t\n\t\t\t\t\t\t<div class=\"elementor-icon-box-content\">\n\n\t\t\t\t\t\t\t\t\t<h3 class=\"elementor-icon-box-title\">\n\t\t\t\t\t\t<a href=\"tel: 34 971130282\" >\n\t\t\t\t\t\t\tTel\u00e9fono\t\t\t\t\t\t<\/a>\n\t\t\t\t\t<\/h3>\n\t\t\t\t\n\t\t\t\t\t\t\t\t\t<p class=\"elementor-icon-box-description\">\n\t\t\t\t\t\t<a style=\"color:#000000\" href=\"tel: 34 971130282\">+34 971130282<\/a>\t\t\t\t\t<\/p>\n\t\t\t\t\n\t\t\t<\/div>\n\t\t\t\n\t\t<\/div>\n\t\t\t\t\t\t<\/div>\n\t\t\t\t<\/div>\n\t\t\t\t<div class=\"elementor-element elementor-element-66958d6 elementor-widget elementor-widget-spacer\" data-id=\"66958d6\" data-element_type=\"widget\" data-e-type=\"widget\" data-widget_type=\"spacer.default\">\n\t\t\t\t<div class=\"elementor-widget-container\">\n\t\t\t\t\t\t\t<div class=\"elementor-spacer\">\n\t\t\t<div class=\"elementor-spacer-inner\"><\/div>\n\t\t<\/div>\n\t\t\t\t\t\t<\/div>\n\t\t\t\t<\/div>\n\t\t\t\t<div class=\"elementor-element elementor-element-01d64c5 elementor-position-inline-start elementor-view-default elementor-mobile-position-block-start elementor-widget elementor-widget-icon-box\" data-id=\"01d64c5\" data-element_type=\"widget\" data-e-type=\"widget\" data-widget_type=\"icon-box.default\">\n\t\t\t\t<div class=\"elementor-widget-container\">\n\t\t\t\t\t\t\t<div class=\"elementor-icon-box-wrapper\">\n\n\t\t\t\t\t\t<div class=\"elementor-icon-box-icon\">\n\t\t\t\t<span  class=\"elementor-icon elementor-animation-pulse-grow\">\n\t\t\t\t<i aria-hidden=\"true\" class=\"fas fa-paper-plane\"><\/i>\t\t\t\t<\/span>\n\t\t\t<\/div>\n\t\t\t\n\t\t\t\t\t\t<div class=\"elementor-icon-box-content\">\n\n\t\t\t\t\t\t\t\t\t<h3 class=\"elementor-icon-box-title\">\n\t\t\t\t\t\t<span  >\n\t\t\t\t\t\t\tCorreo electr\u00f3nico\t\t\t\t\t\t<\/span>\n\t\t\t\t\t<\/h3>\n\t\t\t\t\n\t\t\t\t\t\t\t\t\t<p class=\"elementor-icon-box-description\">\n\t\t\t\t\t\t<a style=\"color:#000000\" href=\"mailto:mallorcaexchange@yahoo.com\">mallorcaexchange@yahoo.com<\/a>\t\t\t\t\t<\/p>\n\t\t\t\t\n\t\t\t<\/div>\n\t\t\t\n\t\t<\/div>\n\t\t\t\t\t\t<\/div>\n\t\t\t\t<\/div>\n\t\t\t\t\t<\/div>\n\t\t<\/div>\n\t\t\t\t<div class=\"elementor-column elementor-col-50 elementor-inner-column elementor-element elementor-element-6a993ac\" data-id=\"6a993ac\" data-element_type=\"column\" data-e-type=\"column\">\n\t\t\t<div class=\"elementor-widget-wrap elementor-element-populated\">\n\t\t\t\t\t\t<div class=\"elementor-element elementor-element-b00c92f elementor-position-inline-start elementor-view-default elementor-mobile-position-block-start elementor-widget elementor-widget-icon-box\" data-id=\"b00c92f\" data-element_type=\"widget\" data-e-type=\"widget\" data-widget_type=\"icon-box.default\">\n\t\t\t\t<div class=\"elementor-widget-container\">\n\t\t\t\t\t\t\t<div class=\"elementor-icon-box-wrapper\">\n\n\t\t\t\t\t\t<div class=\"elementor-icon-box-icon\">\n\t\t\t\t<a href=\"https:\/\/www.google.com\/maps\/dir\/39.5107406,2.5294553\/Quick+Exchange,+Av.+Magaluf,+6,+07181+Calvi%C3%A0,+Balearic+Islands\/@39.5081121,2.5288822,17z\/data=!3m1!4b1!4m9!4m8!1m1!4e1!1m5!1m1!1s0x129789f0423e5c29:0x58811108ba832955!2m2!1d2.5325719!2d39.5054896\" class=\"elementor-icon elementor-animation-pulse-grow\" tabindex=\"-1\" aria-label=\"DIRECCI\u00d3N\">\n\t\t\t\t<i aria-hidden=\"true\" class=\"fas fa-map-marker-alt\"><\/i>\t\t\t\t<\/a>\n\t\t\t<\/div>\n\t\t\t\n\t\t\t\t\t\t<div class=\"elementor-icon-box-content\">\n\n\t\t\t\t\t\t\t\t\t<h3 class=\"elementor-icon-box-title\">\n\t\t\t\t\t\t<a href=\"https:\/\/www.google.com\/maps\/dir\/39.5107406,2.5294553\/Quick+Exchange,+Av.+Magaluf,+6,+07181+Calvi%C3%A0,+Balearic+Islands\/@39.5081121,2.5288822,17z\/data=!3m1!4b1!4m9!4m8!1m1!4e1!1m5!1m1!1s0x129789f0423e5c29:0x58811108ba832955!2m2!1d2.5325719!2d39.5054896\" >\n\t\t\t\t\t\t\tDIRECCI\u00d3N\t\t\t\t\t\t<\/a>\n\t\t\t\t\t<\/h3>\n\t\t\t\t\n\t\t\t\t\t\t\t\t\t<p class=\"elementor-icon-box-description\">\n\t\t\t\t\t\tAvenida Magaluf, n\u00ba6 Magaluf 07181 Palma de Mallorca\t\t\t\t\t<\/p>\n\t\t\t\t\n\t\t\t<\/div>\n\t\t\t\n\t\t<\/div>\n\t\t\t\t\t\t<\/div>\n\t\t\t\t<\/div>\n\t\t\t\t\t<\/div>\n\t\t<\/div>\n\t\t\t\t\t<\/div>\n\t\t<\/section>\n\t\t\t\t\t<\/div>\n\t\t<\/div>\n\t\t\t\t\t<\/div>\n\t\t<\/section>\n\t\t\t\t<section class=\"elementor-section elementor-top-section elementor-element elementor-element-4d40b05 elementor-section-stretched elementor-section-boxed elementor-section-height-default elementor-section-height-default\" data-id=\"4d40b05\" data-element_type=\"section\" data-e-type=\"section\" data-settings=\"{&quot;stretch_section&quot;:&quot;section-stretched&quot;}\">\n\t\t\t\t\t\t<div class=\"elementor-container elementor-column-gap-default\">\n\t\t\t\t\t<div class=\"elementor-column elementor-col-100 elementor-top-column elementor-element elementor-element-ece8c03\" data-id=\"ece8c03\" data-element_type=\"column\" data-e-type=\"column\">\n\t\t\t<div class=\"elementor-widget-wrap elementor-element-populated\">\n\t\t\t\t\t\t<div class=\"elementor-element elementor-element-8eac090 elementor-mobile-align-center elementor-align-center elementor-widget elementor-widget-raven-heading\" data-id=\"8eac090\" data-element_type=\"widget\" data-e-type=\"widget\" data-widget_type=\"raven-heading.default\">\n\t\t\t\t<div class=\"elementor-widget-container\">\n\t\t\t\t\t\t\t<div class=\"raven-widget-wrapper\"><h1 class=\"raven-heading raven-heading-h1\"><span class=\"raven-heading-title\">Cambio de moneda en Mallorca<\/span><\/h1><\/div>\r\n\t\t\t\t\t\t<\/div>\n\t\t\t\t<\/div>\n\t\t\t\t<div class=\"elementor-element elementor-element-b78cbe8 elementor-hidden-tablet elementor-hidden-mobile elementor-widget elementor-widget-text-editor\" data-id=\"b78cbe8\" data-element_type=\"widget\" data-e-type=\"widget\" data-widget_type=\"text-editor.default\">\n\t\t\t\t<div class=\"elementor-widget-container\">\n\t\t\t\t\t\t\t\t\t<p>Recuerda, queremos que disfrutes de tus vacaciones, y esa es una de las principales razones por las que nuestra moneda en Magaluf es la mejor que encontrar\u00e1s, generaci\u00f3n tras generaci\u00f3n ese ha sido nuestro principal objetivo.\u00a0<\/p><p>No s\u00f3lo eso, sino que trabajar por la satisfacci\u00f3n del cliente tambi\u00e9n nos ha dado nuevos objetivos en establecer siempre mejores y mejores tipos de cambio para seguir siendo considerados uno de los mejores. <a href=\"https:\/\/mallorcaexchange.com\/es\/\">cambio de moneda mallorca<\/a> Oficinas para usted.<\/p><p>Gracias por confiar en nuestra empresa familiar para cambiar su dinero en Mallorca,\u00a0<\/p><p>Un mensaje especial de\u00a0<a href=\"https:\/\/mallorcaexchange.com\/es\/\">Intercambio de Mallorca\u00a0<\/a>A usted.<\/p>\t\t\t\t\t\t\t\t<\/div>\n\t\t\t\t<\/div>\n\t\t\t\t<div class=\"elementor-element elementor-element-3255268 elementor-hidden-desktop elementor-widget elementor-widget-text-editor\" data-id=\"3255268\" data-element_type=\"widget\" data-e-type=\"widget\" data-widget_type=\"text-editor.default\">\n\t\t\t\t<div class=\"elementor-widget-container\">\n\t\t\t\t\t\t\t\t\t<p>Recuerda, queremos que disfrutes de tus vacaciones, y esa es una de las principales razones por las que nuestra moneda en Magaluf es la mejor que encontrar\u00e1s.<\/p><p>Generaci\u00f3n tras generaci\u00f3n ese ha sido nuestro \u00fanico y principal objetivo, no solo eso, sino que trabajar por la satisfacci\u00f3n del cliente tambi\u00e9n nos ha dado <br \/>nuevos objetivos.<\/p><p>Nuevos objetivos para establecer siempre mejores y mejores tipos de cambio para seguir siendo considerados uno de los mejores <a href=\"https:\/\/mallorcaexchange.com\/es\/\">cambio de moneda mallorca<\/a> Oficinas para usted.<\/p><p>Gracias por confiar en nuestra empresa familiar para cambiar su dinero en Mallorca,<\/p><p>Un mensaje especial de <a href=\"https:\/\/mallorcaexchange.com\/es\/\" target=\"_blank\" rel=\"noopener\">Intercambio de Mallorca<\/a>\u00a0A usted.<\/p>\t\t\t\t\t\t\t\t<\/div>\n\t\t\t\t<\/div>\n\t\t\t\t\t<\/div>\n\t\t<\/div>\n\t\t\t\t\t<\/div>\n\t\t<\/section>\n\t\t\t\t<section class=\"elementor-section elementor-top-section elementor-element elementor-element-99ee7cb elementor-section-boxed elementor-section-height-default elementor-section-height-default\" data-id=\"99ee7cb\" data-element_type=\"section\" data-e-type=\"section\">\n\t\t\t\t\t\t<div class=\"elementor-container elementor-column-gap-default\">\n\t\t\t\t\t<div class=\"elementor-column elementor-col-100 elementor-top-column elementor-element elementor-element-efb58c6\" data-id=\"efb58c6\" data-element_type=\"column\" data-e-type=\"column\">\n\t\t\t<div class=\"elementor-widget-wrap elementor-element-populated\">\n\t\t\t\t\t\t<div class=\"elementor-element elementor-element-eb3b7be elementor-widget elementor-widget-heading\" data-id=\"eb3b7be\" data-element_type=\"widget\" data-e-type=\"widget\" data-widget_type=\"heading.default\">\n\t\t\t\t<div class=\"elementor-widget-container\">\n\t\t\t\t\t<h2 class=\"elementor-heading-title elementor-size-default\">Cambio de Moneda Magaluf (Cambio R\u00e1pido)<\/h2>\t\t\t\t<\/div>\n\t\t\t\t<\/div>\n\t\t\t\t<div class=\"elementor-element elementor-element-5a6dc65 elementor-widget elementor-widget-html\" data-id=\"5a6dc65\" data-element_type=\"widget\" data-e-type=\"widget\" data-widget_type=\"html.default\">\n\t\t\t\t<div class=\"elementor-widget-container\">\n\t\t\t\t\t<iframe src=\"https:\/\/www.google.com\/maps\/embed?pb=!1m18!1m12!1m3!1d6156.564377881742!2d2.526693524035846!3d39.50812034561098!2m3!1f0!2f0!3f0!3m2!1i1024!2i768!4f13.1!3m3!1m2!1s0x129789f0423e5c29%3A0x58811108ba832955!2sQuick%20Exchange!5e0!3m2!1sen!2ses!4v1648930471657!5m2!1sen!2ses\" width=\"600\" height=\"450\" style=\"border:0;\" allowfullscreen=\"\" loading=\"lazy\" referrerpolicy=\"no-referrer-when-downgrade\"><\/iframe>\t\t\t\t<\/div>\n\t\t\t\t<\/div>\n\t\t\t\t<div class=\"elementor-element elementor-element-2a6e149 elementor-widget elementor-widget-heading\" data-id=\"2a6e149\" data-element_type=\"widget\" data-e-type=\"widget\" data-widget_type=\"heading.default\">\n\t\t\t\t<div class=\"elementor-widget-container\">\n\t\t\t\t\t<h2 class=\"elementor-heading-title elementor-size-default\">Cambio de moneda Palmanova (Nova Exchange)<\/h2>\t\t\t\t<\/div>\n\t\t\t\t<\/div>\n\t\t\t\t\t<\/div>\n\t\t<\/div>\n\t\t\t\t\t<\/div>\n\t\t<\/section>\n\t\t\t\t<section class=\"elementor-section elementor-top-section elementor-element elementor-element-fbb12b7 elementor-section-boxed elementor-section-height-default elementor-section-height-default\" data-id=\"fbb12b7\" data-element_type=\"section\" data-e-type=\"section\">\n\t\t\t\t\t\t<div class=\"elementor-container elementor-column-gap-default\">\n\t\t\t\t\t<div class=\"elementor-column elementor-col-100 elementor-top-column elementor-element elementor-element-d01f4d4\" data-id=\"d01f4d4\" data-element_type=\"column\" data-e-type=\"column\">\n\t\t\t<div class=\"elementor-widget-wrap elementor-element-populated\">\n\t\t\t\t\t\t<div class=\"elementor-element elementor-element-0252505 elementor-widget elementor-widget-html\" data-id=\"0252505\" data-element_type=\"widget\" data-e-type=\"widget\" data-widget_type=\"html.default\">\n\t\t\t\t<div class=\"elementor-widget-container\">\n\t\t\t\t\t<iframe src=\"https:\/\/www.google.com\/maps\/embed?pb=!1m18!1m12!1m3!1d24626.243337487904!2d2.513561265430271!3d39.50816033896106!2m3!1f0!2f0!3f0!3m2!1i1024!2i768!4f13.1!3m3!1m2!1s0x1297897ce789ca3b%3A0xfca213656b708b13!2sNova%20Exchange!5e0!3m2!1sen!2ses!4v1648930719538!5m2!1sen!2ses\" width=\"600\" height=\"450\" style=\"border:0;\" allowfullscreen=\"\" loading=\"lazy\" referrerpolicy=\"no-referrer-when-downgrade\"><\/iframe>\t\t\t\t<\/div>\n\t\t\t\t<\/div>\n\t\t\t\t\t<\/div>\n\t\t<\/div>\n\t\t\t\t\t<\/div>\n\t\t<\/section>\n\t\t\t\t<\/div>","protected":false},"excerpt":{"rendered":"<p>Tel\u00e9fono +34 971130282 E-mail mallorcaexchange@yahoo.com Direcci\u00f3n Avenida Magaluf, n\u00ba6 Magaluf 07181 Palma de Mallorca Cambio de Moneda Mallorca Recuerda, queremos que disfrutes de tus vacaciones, y esa es una de las principales razones por las que nuestra moneda en Magaluf es la mejor que encontrar\u00e1s, generaci\u00f3n tras generaci\u00f3n ese ha sido nuestro principal objetivo. No solo eso, sino que [\u2026]<\/p>","protected":false},"author":1,"featured_media":0,"parent":0,"menu_order":0,"comment_status":"closed","ping_status":"closed","template":"elementor_header_footer","meta":{"_acf_changed":false,"footnotes":""},"class_list":["post-28","page","type-page","status-publish","hentry"],"acf":[],"yoast_head":"<!-- This site is optimized with the Yoast SEO plugin v26.7 - https:\/\/yoast.com\/wordpress\/plugins\/seo\/ -->\n<title>Contact | Mallorca Exchange : Currency Exchange Mallorca, Magaluf, Palmanova<\/title>\n<meta name=\"description\" content=\"Would you like a fair currency exchange in Magaluf? Palmanova, and Santa Ponsa. Magaluf money exchange, Palmanova money exchange.\" \/>\n<meta name=\"robots\" content=\"index, follow, max-snippet:-1, max-image-preview:large, max-video-preview:-1\" \/>\n<link rel=\"canonical\" href=\"https:\/\/mallorcaexchange.com\/es\/contacto\/\" \/>\n<meta property=\"og:locale\" content=\"es_ES\" \/>\n<meta property=\"og:type\" content=\"article\" \/>\n<meta property=\"og:title\" content=\"Contact | Mallorca Exchange : Currency Exchange Mallorca, Magaluf, Palmanova\" \/>\n<meta property=\"og:description\" content=\"Would you like a fair currency exchange in Magaluf? Palmanova, and Santa Ponsa. Magaluf money exchange, Palmanova money exchange.\" \/>\n<meta property=\"og:url\" content=\"https:\/\/mallorcaexchange.com\/es\/contacto\/\" \/>\n<meta property=\"og:site_name\" content=\"Mallorca Exchange : Currency Exchange Mallorca, Magaluf, Palmanova\" \/>\n<meta property=\"article:modified_time\" content=\"2022-08-12T13:28:30+00:00\" \/>\n<meta name=\"twitter:card\" content=\"summary_large_image\" \/>\n<meta name=\"twitter:label1\" content=\"Tiempo de lectura\" \/>\n\t<meta name=\"twitter:data1\" content=\"1 minuto\" \/>\n<script type=\"application\/ld+json\" class=\"yoast-schema-graph\">{\"@context\":\"https:\/\/schema.org\",\"@graph\":[{\"@type\":\"WebPage\",\"@id\":\"https:\/\/mallorcaexchange.com\/contact\/\",\"url\":\"https:\/\/mallorcaexchange.com\/contact\/\",\"name\":\"Contact | Mallorca Exchange : Currency Exchange Mallorca, Magaluf, Palmanova\",\"isPartOf\":{\"@id\":\"https:\/\/mallorcaexchange.com\/#website\"},\"datePublished\":\"2019-08-17T16:45:51+00:00\",\"dateModified\":\"2022-08-12T13:28:30+00:00\",\"description\":\"Would you like a fair currency exchange in Magaluf? Palmanova, and Santa Ponsa. Magaluf money exchange, Palmanova money exchange.\",\"breadcrumb\":{\"@id\":\"https:\/\/mallorcaexchange.com\/contact\/#breadcrumb\"},\"inLanguage\":\"es\",\"potentialAction\":[{\"@type\":\"ReadAction\",\"target\":[\"https:\/\/mallorcaexchange.com\/contact\/\"]}]},{\"@type\":\"BreadcrumbList\",\"@id\":\"https:\/\/mallorcaexchange.com\/contact\/#breadcrumb\",\"itemListElement\":[{\"@type\":\"ListItem\",\"position\":1,\"name\":\"Home\",\"item\":\"https:\/\/mallorcaexchange.com\/\"},{\"@type\":\"ListItem\",\"position\":2,\"name\":\"Contact\"}]},{\"@type\":\"WebSite\",\"@id\":\"https:\/\/mallorcaexchange.com\/#website\",\"url\":\"https:\/\/mallorcaexchange.com\/\",\"name\":\"Mallorca Exchange : Currency Exchange Mallorca, Magaluf, Palmanova\",\"description\":\"Aren&#039;t you tired of low currency exchange?.. We know, that&#039;s why In Mallorca Money Exchange since 1972 we are offering you the best exchange!\",\"publisher\":{\"@id\":\"https:\/\/mallorcaexchange.com\/#organization\"},\"potentialAction\":[{\"@type\":\"SearchAction\",\"target\":{\"@type\":\"EntryPoint\",\"urlTemplate\":\"https:\/\/mallorcaexchange.com\/?s={search_term_string}\"},\"query-input\":{\"@type\":\"PropertyValueSpecification\",\"valueRequired\":true,\"valueName\":\"search_term_string\"}}],\"inLanguage\":\"es\"},{\"@type\":\"Organization\",\"@id\":\"https:\/\/mallorcaexchange.com\/#organization\",\"name\":\"Mallorca Money Exchange\",\"url\":\"https:\/\/mallorcaexchange.com\/\",\"logo\":{\"@type\":\"ImageObject\",\"inLanguage\":\"es\",\"@id\":\"https:\/\/mallorcaexchange.com\/#\/schema\/logo\/image\/\",\"url\":\"\",\"contentUrl\":\"\",\"caption\":\"Mallorca Money Exchange\"},\"image\":{\"@id\":\"https:\/\/mallorcaexchange.com\/#\/schema\/logo\/image\/\"}}]}<\/script>\n<!-- \/ Yoast SEO plugin. -->","yoast_head_json":{"title":"Contact | Mallorca Exchange : Currency Exchange Mallorca, Magaluf, Palmanova","description":"Would you like a fair currency exchange in Magaluf? Palmanova, and Santa Ponsa. Magaluf money exchange, Palmanova money exchange.","robots":{"index":"index","follow":"follow","max-snippet":"max-snippet:-1","max-image-preview":"max-image-preview:large","max-video-preview":"max-video-preview:-1"},"canonical":"https:\/\/mallorcaexchange.com\/es\/contacto\/","og_locale":"es_ES","og_type":"article","og_title":"Contact | Mallorca Exchange : Currency Exchange Mallorca, Magaluf, Palmanova","og_description":"Would you like a fair currency exchange in Magaluf? Palmanova, and Santa Ponsa. Magaluf money exchange, Palmanova money exchange.","og_url":"https:\/\/mallorcaexchange.com\/es\/contacto\/","og_site_name":"Mallorca Exchange : Currency Exchange Mallorca, Magaluf, Palmanova","article_modified_time":"2022-08-12T13:28:30+00:00","twitter_card":"summary_large_image","twitter_misc":{"Tiempo de lectura":"1 minuto"},"schema":{"@context":"https:\/\/schema.org","@graph":[{"@type":"WebPage","@id":"https:\/\/mallorcaexchange.com\/contact\/","url":"https:\/\/mallorcaexchange.com\/contact\/","name":"Contact | Mallorca Exchange : Currency Exchange Mallorca, Magaluf, Palmanova","isPartOf":{"@id":"https:\/\/mallorcaexchange.com\/#website"},"datePublished":"2019-08-17T16:45:51+00:00","dateModified":"2022-08-12T13:28:30+00:00","description":"Would you like a fair currency exchange in Magaluf? Palmanova, and Santa Ponsa. Magaluf money exchange, Palmanova money exchange.","breadcrumb":{"@id":"https:\/\/mallorcaexchange.com\/contact\/#breadcrumb"},"inLanguage":"es","potentialAction":[{"@type":"ReadAction","target":["https:\/\/mallorcaexchange.com\/contact\/"]}]},{"@type":"BreadcrumbList","@id":"https:\/\/mallorcaexchange.com\/contact\/#breadcrumb","itemListElement":[{"@type":"ListItem","position":1,"name":"Home","item":"https:\/\/mallorcaexchange.com\/"},{"@type":"ListItem","position":2,"name":"Contact"}]},{"@type":"WebSite","@id":"https:\/\/mallorcaexchange.com\/#website","url":"https:\/\/mallorcaexchange.com\/","name":"Mallorca Exchange : Currency Exchange Mallorca, Magaluf, Palmanova","description":"Aren&#039;t you tired of low currency exchange?.. We know, that&#039;s why In Mallorca Money Exchange since 1972 we are offering you the best exchange!","publisher":{"@id":"https:\/\/mallorcaexchange.com\/#organization"},"potentialAction":[{"@type":"SearchAction","target":{"@type":"EntryPoint","urlTemplate":"https:\/\/mallorcaexchange.com\/?s={search_term_string}"},"query-input":{"@type":"PropertyValueSpecification","valueRequired":true,"valueName":"search_term_string"}}],"inLanguage":"es"},{"@type":"Organization","@id":"https:\/\/mallorcaexchange.com\/#organization","name":"Mallorca Money Exchange","url":"https:\/\/mallorcaexchange.com\/","logo":{"@type":"ImageObject","inLanguage":"es","@id":"https:\/\/mallorcaexchange.com\/#\/schema\/logo\/image\/","url":"","contentUrl":"","caption":"Mallorca Money Exchange"},"image":{"@id":"https:\/\/mallorcaexchange.com\/#\/schema\/logo\/image\/"}}]}},"_links":{"self":[{"href":"https:\/\/mallorcaexchange.com\/es\/wp-json\/wp\/v2\/pages\/28","targetHints":{"allow":["GET"]}}],"collection":[{"href":"https:\/\/mallorcaexchange.com\/es\/wp-json\/wp\/v2\/pages"}],"about":[{"href":"https:\/\/mallorcaexchange.com\/es\/wp-json\/wp\/v2\/types\/page"}],"author":[{"embeddable":true,"href":"https:\/\/mallorcaexchange.com\/es\/wp-json\/wp\/v2\/users\/1"}],"replies":[{"embeddable":true,"href":"https:\/\/mallorcaexchange.com\/es\/wp-json\/wp\/v2\/comments?post=28"}],"version-history":[{"count":71,"href":"https:\/\/mallorcaexchange.com\/es\/wp-json\/wp\/v2\/pages\/28\/revisions"}],"predecessor-version":[{"id":2989,"href":"https:\/\/mallorcaexchange.com\/es\/wp-json\/wp\/v2\/pages\/28\/revisions\/2989"}],"wp:attachment":[{"href":"https:\/\/mallorcaexchange.com\/es\/wp-json\/wp\/v2\/media?parent=28"}],"curies":[{"name":"wp","href":"https:\/\/api.w.org\/{rel}","templated":true}]}}