{"id":2281,"date":"2022-04-10T13:49:26","date_gmt":"2022-04-10T13:49:26","guid":{"rendered":"https:\/\/mallorcaexchange.com\/?page_id=2281"},"modified":"2022-08-12T17:58:35","modified_gmt":"2022-08-12T17:58:35","slug":"benefits-of-money-exchange-mallorca","status":"publish","type":"page","link":"https:\/\/mallorcaexchange.com\/es\/beneficios-del-cambio-de-moneda-en-mallorca\/","title":{"rendered":"Beneficios del cambio de moneda en Mallorca"},"content":{"rendered":"<p><span style=\"font-family: arial, helvetica, sans-serif;\">\u00bfHas llegado recientemente a Mallorca y te preguntas d\u00f3nde est\u00e1n las mejores oficinas de cambio de moneda en Mallorca?\u2026<\/span><\/p>\n<p><span style=\"font-family: arial, helvetica, sans-serif;\">\u00a1Contin\u00faa leyendo entonces!<\/span><\/p>\n<h2><span style=\"font-size: 14pt;\">Nuestras oficinas de cambio de moneda en Mallorca<\/span><\/h2>\n<p><span style=\"font-family: arial, helvetica, sans-serif;\">\u00bfEst\u00e1s planeando venir a Mallorca para tus vacaciones y necesitas tener ubicadas algunas oficinas para realizar tu cambio de moneda con un tipo de cambio justo?<\/span><\/p>\n<p><span style=\"font-family: arial, helvetica, sans-serif;\">Bueno, \u00a1eso ya no es un problema!<\/span><\/p>\n<p><span style=\"font-family: arial, helvetica, sans-serif;\">Estar\u00e9 m\u00e1s que contento si decides cambiar tu dinero en nuestras oficinas, y para ser justos, estos \u00faltimos d\u00edas consegu\u00ed algunos excelentes clientes con quienes he intercambiado no solo dinero sino tambi\u00e9n algunas excelentes historias.<\/span><\/p>\n<p><span style=\"font-family: arial, helvetica, sans-serif;\">Como ya sab\u00e9is, tratamos a nuestros clientes como familia y por eso siempre estamos abiertos a conversar antes de cambiar dinero.<\/span><\/p>\n<p><span style=\"font-family: arial, helvetica, sans-serif;\">Por cierto, \u00a1si tienes prisa nuestra oficina te encantar\u00e1 a\u00fan m\u00e1s!<\/span><\/p>\n<h2><span style=\"font-size: 14pt;\">Oficina de cambio de moneda Magaluf<\/span><\/h2>\n<p><span style=\"font-family: arial, helvetica, sans-serif;\">Puedes encontrar nuestra oficina ubicada en Magaluf aqu\u00ed &gt; <span style=\"text-decoration: underline;\"><a href=\"https:\/\/mallorcaexchange.com\/es\/\">Cambio de moneda magaluf<\/a><\/span> para ir a nuestro sitio web, o <a href=\"https:\/\/www.google.com\/maps\/dir\/39.5107394,2.5295133\/Quick+Exchange,+Av.+Magaluf,+6,+07181+Calvi%C3%A0,+Balearic+Islands\/@39.5081115,2.527939,16z\/data=!3m1!4b1!4m9!4m8!1m1!4e1!1m5!1m1!1s0x129789f0423e5c29:0x58811108ba832955!2m2!1d2.5325719!2d39.5054896\" target=\"_blank\" rel=\"noopener\"><span style=\"text-decoration: underline;\">aqu\u00ed<\/span><\/a> para ir directamente usando Google Maps.<\/span><\/p>\n<h2><span style=\"font-size: 14pt;\">Oficina de Cambio de Moneda Palmanova<\/span><\/h2>\n<p><span style=\"font-family: arial, helvetica, sans-serif;\">Puedes encontrar nuestra oficina ubicada en Palmanova aqu\u00ed &gt; <a href=\"https:\/\/mallorcaexchange.com\/es\/\"><span style=\"text-decoration: underline;\">Cambio de moneda palmanova<\/span><\/a> para ir a nuestro sitio web, o <a href=\"https:\/\/www.google.com\/maps\/dir\/39.5107394,2.5295133\/Nova+Exchange,+Carrer+Duc+Estremera,+N%C2%BA3,+local+9,+07181+Palma+Nova,+Balearic+Islands\/@39.5148563,2.5287656,16z\/data=!3m1!4b1!4m9!4m8!1m1!4e1!1m5!1m1!1s0x1297897ce789ca3b:0xfca213656b708b13!2m2!1d2.5371696!2d39.5158952\" target=\"_blank\" rel=\"noopener\"><span style=\"text-decoration: underline;\">aqu\u00ed<\/span><\/a> para ir directamente usando Google Maps.<\/span><\/p>\n<p><span style=\"font-family: arial, helvetica, sans-serif;\">Adem\u00e1s, si desea comunicarse con nosotros, siempre puede hacerlo llam\u00e1ndonos y estaremos encantados de discutir con usted cualquier cosa que necesite sobre su cambio de moneda en Mallorca, o bien, <a href=\"mailto:mallorcaexchange@yahoo.com\" target=\"_blank\" rel=\"noopener\"><span style=\"text-decoration: underline;\">correo electr\u00f3nico<\/span><\/a> a nosotros.<\/span><\/p>\n<p><span style=\"font-family: arial, helvetica, sans-serif;\">\u00a1Disfruta de tus vacaciones en Mallorca!<\/span><\/p>","protected":false},"excerpt":{"rendered":"<p>\u00bfHas llegado recientemente a Mallorca y te preguntas d\u00f3nde est\u00e1n las mejores casas de cambio de moneda en Mallorca?\u2026 \u00a1Sigue leyendo! Nuestras oficinas de cambio de moneda en Mallorca \u00bfEst\u00e1s planeando llegar a Mallorca para tus vacaciones y necesitas tener algunas oficinas ubicadas para tu cambio de moneda con un tipo de cambio justo? [\u2026]<\/p>","protected":false},"author":2,"featured_media":2282,"parent":0,"menu_order":0,"comment_status":"closed","ping_status":"closed","template":"","meta":{"_acf_changed":false,"footnotes":""},"class_list":["post-2281","page","type-page","status-publish","has-post-thumbnail","hentry"],"acf":[],"yoast_head":"<!-- This site is optimized with the Yoast SEO plugin v26.7 - https:\/\/yoast.com\/wordpress\/plugins\/seo\/ -->\n<title>Money Exchange Mallorca: The Benefits of Exchanging your Money in PMI<\/title>\n<meta name=\"description\" content=\"Are you traveling and you want to get the best exchange rates in Mallorca? Visit our money exchange offices in Magaluf and Palmanova.\" \/>\n<meta name=\"robots\" content=\"index, follow, max-snippet:-1, max-image-preview:large, max-video-preview:-1\" \/>\n<link rel=\"canonical\" href=\"https:\/\/mallorcaexchange.com\/es\/beneficios-del-cambio-de-moneda-en-mallorca\/\" \/>\n<meta property=\"og:locale\" content=\"es_ES\" \/>\n<meta property=\"og:type\" content=\"article\" \/>\n<meta property=\"og:title\" content=\"Money Exchange Mallorca: The Benefits of Exchanging your Money in PMI\" \/>\n<meta property=\"og:description\" content=\"Are you traveling and you want to get the best exchange rates in Mallorca? Visit our money exchange offices in Magaluf and Palmanova.\" \/>\n<meta property=\"og:url\" content=\"https:\/\/mallorcaexchange.com\/es\/beneficios-del-cambio-de-moneda-en-mallorca\/\" \/>\n<meta property=\"og:site_name\" content=\"Mallorca Exchange : Currency Exchange Mallorca, Magaluf, Palmanova\" \/>\n<meta property=\"article:modified_time\" content=\"2022-08-12T17:58:35+00:00\" \/>\n<meta property=\"og:image\" content=\"https:\/\/mallorcaexchange.com\/wp-content\/uploads\/2022\/04\/woman-ge93a613d2_1280.jpg\" \/>\n\t<meta property=\"og:image:width\" content=\"1280\" \/>\n\t<meta property=\"og:image:height\" content=\"853\" \/>\n\t<meta property=\"og:image:type\" content=\"image\/jpeg\" \/>\n<meta name=\"twitter:card\" content=\"summary_large_image\" \/>\n<meta name=\"twitter:label1\" content=\"Tiempo de lectura\" \/>\n\t<meta name=\"twitter:data1\" content=\"1 minuto\" \/>\n<script type=\"application\/ld+json\" class=\"yoast-schema-graph\">{\"@context\":\"https:\/\/schema.org\",\"@graph\":[{\"@type\":\"WebPage\",\"@id\":\"https:\/\/mallorcaexchange.com\/benefits-of-money-exchange-mallorca\/\",\"url\":\"https:\/\/mallorcaexchange.com\/benefits-of-money-exchange-mallorca\/\",\"name\":\"Money Exchange Mallorca: The Benefits of Exchanging your Money in PMI\",\"isPartOf\":{\"@id\":\"https:\/\/mallorcaexchange.com\/#website\"},\"primaryImageOfPage\":{\"@id\":\"https:\/\/mallorcaexchange.com\/benefits-of-money-exchange-mallorca\/#primaryimage\"},\"image\":{\"@id\":\"https:\/\/mallorcaexchange.com\/benefits-of-money-exchange-mallorca\/#primaryimage\"},\"thumbnailUrl\":\"https:\/\/mallorcaexchange.com\/wp-content\/uploads\/2022\/04\/woman-ge93a613d2_1280.jpg\",\"datePublished\":\"2022-04-10T13:49:26+00:00\",\"dateModified\":\"2022-08-12T17:58:35+00:00\",\"description\":\"Are you traveling and you want to get the best exchange rates in Mallorca? Visit our money exchange offices in Magaluf and Palmanova.\",\"breadcrumb\":{\"@id\":\"https:\/\/mallorcaexchange.com\/benefits-of-money-exchange-mallorca\/#breadcrumb\"},\"inLanguage\":\"es\",\"potentialAction\":[{\"@type\":\"ReadAction\",\"target\":[\"https:\/\/mallorcaexchange.com\/benefits-of-money-exchange-mallorca\/\"]}]},{\"@type\":\"ImageObject\",\"inLanguage\":\"es\",\"@id\":\"https:\/\/mallorcaexchange.com\/benefits-of-money-exchange-mallorca\/#primaryimage\",\"url\":\"https:\/\/mallorcaexchange.com\/wp-content\/uploads\/2022\/04\/woman-ge93a613d2_1280.jpg\",\"contentUrl\":\"https:\/\/mallorcaexchange.com\/wp-content\/uploads\/2022\/04\/woman-ge93a613d2_1280.jpg\",\"width\":1280,\"height\":853,\"caption\":\"Money Exchange Mallorca\"},{\"@type\":\"BreadcrumbList\",\"@id\":\"https:\/\/mallorcaexchange.com\/benefits-of-money-exchange-mallorca\/#breadcrumb\",\"itemListElement\":[{\"@type\":\"ListItem\",\"position\":1,\"name\":\"Home\",\"item\":\"https:\/\/mallorcaexchange.com\/\"},{\"@type\":\"ListItem\",\"position\":2,\"name\":\"Benefits of Money Exchange in Mallorca\"}]},{\"@type\":\"WebSite\",\"@id\":\"https:\/\/mallorcaexchange.com\/#website\",\"url\":\"https:\/\/mallorcaexchange.com\/\",\"name\":\"Mallorca Exchange : Currency Exchange Mallorca, Magaluf, Palmanova\",\"description\":\"Aren&#039;t you tired of low currency exchange?.. We know, that&#039;s why In Mallorca Money Exchange since 1972 we are offering you the best exchange!\",\"publisher\":{\"@id\":\"https:\/\/mallorcaexchange.com\/#organization\"},\"potentialAction\":[{\"@type\":\"SearchAction\",\"target\":{\"@type\":\"EntryPoint\",\"urlTemplate\":\"https:\/\/mallorcaexchange.com\/?s={search_term_string}\"},\"query-input\":{\"@type\":\"PropertyValueSpecification\",\"valueRequired\":true,\"valueName\":\"search_term_string\"}}],\"inLanguage\":\"es\"},{\"@type\":\"Organization\",\"@id\":\"https:\/\/mallorcaexchange.com\/#organization\",\"name\":\"Mallorca Money Exchange\",\"url\":\"https:\/\/mallorcaexchange.com\/\",\"logo\":{\"@type\":\"ImageObject\",\"inLanguage\":\"es\",\"@id\":\"https:\/\/mallorcaexchange.com\/#\/schema\/logo\/image\/\",\"url\":\"\",\"contentUrl\":\"\",\"caption\":\"Mallorca Money Exchange\"},\"image\":{\"@id\":\"https:\/\/mallorcaexchange.com\/#\/schema\/logo\/image\/\"}}]}<\/script>\n<!-- \/ Yoast SEO plugin. -->","yoast_head_json":{"title":"Money Exchange Mallorca: The Benefits of Exchanging your Money in PMI","description":"Are you traveling and you want to get the best exchange rates in Mallorca? Visit our money exchange offices in Magaluf and Palmanova.","robots":{"index":"index","follow":"follow","max-snippet":"max-snippet:-1","max-image-preview":"max-image-preview:large","max-video-preview":"max-video-preview:-1"},"canonical":"https:\/\/mallorcaexchange.com\/es\/beneficios-del-cambio-de-moneda-en-mallorca\/","og_locale":"es_ES","og_type":"article","og_title":"Money Exchange Mallorca: The Benefits of Exchanging your Money in PMI","og_description":"Are you traveling and you want to get the best exchange rates in Mallorca? Visit our money exchange offices in Magaluf and Palmanova.","og_url":"https:\/\/mallorcaexchange.com\/es\/beneficios-del-cambio-de-moneda-en-mallorca\/","og_site_name":"Mallorca Exchange : Currency Exchange Mallorca, Magaluf, Palmanova","article_modified_time":"2022-08-12T17:58:35+00:00","og_image":[{"width":1280,"height":853,"url":"https:\/\/mallorcaexchange.com\/wp-content\/uploads\/2022\/04\/woman-ge93a613d2_1280.jpg","type":"image\/jpeg"}],"twitter_card":"summary_large_image","twitter_misc":{"Tiempo de lectura":"1 minuto"},"schema":{"@context":"https:\/\/schema.org","@graph":[{"@type":"WebPage","@id":"https:\/\/mallorcaexchange.com\/benefits-of-money-exchange-mallorca\/","url":"https:\/\/mallorcaexchange.com\/benefits-of-money-exchange-mallorca\/","name":"Money Exchange Mallorca: The Benefits of Exchanging your Money in PMI","isPartOf":{"@id":"https:\/\/mallorcaexchange.com\/#website"},"primaryImageOfPage":{"@id":"https:\/\/mallorcaexchange.com\/benefits-of-money-exchange-mallorca\/#primaryimage"},"image":{"@id":"https:\/\/mallorcaexchange.com\/benefits-of-money-exchange-mallorca\/#primaryimage"},"thumbnailUrl":"https:\/\/mallorcaexchange.com\/wp-content\/uploads\/2022\/04\/woman-ge93a613d2_1280.jpg","datePublished":"2022-04-10T13:49:26+00:00","dateModified":"2022-08-12T17:58:35+00:00","description":"Are you traveling and you want to get the best exchange rates in Mallorca? Visit our money exchange offices in Magaluf and Palmanova.","breadcrumb":{"@id":"https:\/\/mallorcaexchange.com\/benefits-of-money-exchange-mallorca\/#breadcrumb"},"inLanguage":"es","potentialAction":[{"@type":"ReadAction","target":["https:\/\/mallorcaexchange.com\/benefits-of-money-exchange-mallorca\/"]}]},{"@type":"ImageObject","inLanguage":"es","@id":"https:\/\/mallorcaexchange.com\/benefits-of-money-exchange-mallorca\/#primaryimage","url":"https:\/\/mallorcaexchange.com\/wp-content\/uploads\/2022\/04\/woman-ge93a613d2_1280.jpg","contentUrl":"https:\/\/mallorcaexchange.com\/wp-content\/uploads\/2022\/04\/woman-ge93a613d2_1280.jpg","width":1280,"height":853,"caption":"Money Exchange Mallorca"},{"@type":"BreadcrumbList","@id":"https:\/\/mallorcaexchange.com\/benefits-of-money-exchange-mallorca\/#breadcrumb","itemListElement":[{"@type":"ListItem","position":1,"name":"Home","item":"https:\/\/mallorcaexchange.com\/"},{"@type":"ListItem","position":2,"name":"Benefits of Money Exchange in Mallorca"}]},{"@type":"WebSite","@id":"https:\/\/mallorcaexchange.com\/#website","url":"https:\/\/mallorcaexchange.com\/","name":"Mallorca Exchange : Currency Exchange Mallorca, Magaluf, Palmanova","description":"Aren&#039;t you tired of low currency exchange?.. We know, that&#039;s why In Mallorca Money Exchange since 1972 we are offering you the best exchange!","publisher":{"@id":"https:\/\/mallorcaexchange.com\/#organization"},"potentialAction":[{"@type":"SearchAction","target":{"@type":"EntryPoint","urlTemplate":"https:\/\/mallorcaexchange.com\/?s={search_term_string}"},"query-input":{"@type":"PropertyValueSpecification","valueRequired":true,"valueName":"search_term_string"}}],"inLanguage":"es"},{"@type":"Organization","@id":"https:\/\/mallorcaexchange.com\/#organization","name":"Mallorca Money Exchange","url":"https:\/\/mallorcaexchange.com\/","logo":{"@type":"ImageObject","inLanguage":"es","@id":"https:\/\/mallorcaexchange.com\/#\/schema\/logo\/image\/","url":"","contentUrl":"","caption":"Mallorca Money Exchange"},"image":{"@id":"https:\/\/mallorcaexchange.com\/#\/schema\/logo\/image\/"}}]}},"_links":{"self":[{"href":"https:\/\/mallorcaexchange.com\/es\/wp-json\/wp\/v2\/pages\/2281","targetHints":{"allow":["GET"]}}],"collection":[{"href":"https:\/\/mallorcaexchange.com\/es\/wp-json\/wp\/v2\/pages"}],"about":[{"href":"https:\/\/mallorcaexchange.com\/es\/wp-json\/wp\/v2\/types\/page"}],"author":[{"embeddable":true,"href":"https:\/\/mallorcaexchange.com\/es\/wp-json\/wp\/v2\/users\/2"}],"replies":[{"embeddable":true,"href":"https:\/\/mallorcaexchange.com\/es\/wp-json\/wp\/v2\/comments?post=2281"}],"version-history":[{"count":4,"href":"https:\/\/mallorcaexchange.com\/es\/wp-json\/wp\/v2\/pages\/2281\/revisions"}],"predecessor-version":[{"id":2995,"href":"https:\/\/mallorcaexchange.com\/es\/wp-json\/wp\/v2\/pages\/2281\/revisions\/2995"}],"wp:featuredmedia":[{"embeddable":true,"href":"https:\/\/mallorcaexchange.com\/es\/wp-json\/wp\/v2\/media\/2282"}],"wp:attachment":[{"href":"https:\/\/mallorcaexchange.com\/es\/wp-json\/wp\/v2\/media?parent=2281"}],"curies":[{"name":"wp","href":"https:\/\/api.w.org\/{rel}","templated":true}]}}