{"id":1994,"date":"2022-03-01T21:48:20","date_gmt":"2022-03-01T21:48:20","guid":{"rendered":"https:\/\/mallorcaexchange.com\/?page_id=1994"},"modified":"2025-08-07T17:10:52","modified_gmt":"2025-08-07T17:10:52","slug":"what-is-euro-exchange-mallorca","status":"publish","type":"page","link":"https:\/\/mallorcaexchange.com\/es\/cambio-de-moneda-mallorca\/","title":{"rendered":"\u00bfCu\u00e1l es el tipo de cambio del euro en Mallorca?"},"content":{"rendered":"<p><span style=\"font-family: arial, helvetica, sans-serif;\">Hola, antes que nada, \u00a1espero que lo est\u00e9s pasando genial planificando tu viaje a Palma de Mallorca! <\/span><\/p>\n<p><span style=\"font-family: arial, helvetica, sans-serif;\">Cuando se acerca el verano, el cambio de moneda y de divisas tambi\u00e9n llama la atenci\u00f3n si viajas lejos y buscas algo de diversi\u00f3n. Y, por supuesto, todo el mundo se pregunta cu\u00e1les son los mejores lugares para cambiar dinero en Mallorca, despu\u00e9s de todo, muchos tipos de cambio son injustos, pero\u2026 <\/span><\/p>\n<p><span style=\"font-family: arial, helvetica, sans-serif;\">\u00a1Algunos otros no lo son! Como nuestro <a href=\"https:\/\/mallorcaexchange.com\/es\/\">cambio de divisas mallorca<\/a> Servicio que presta servicio en las Islas Baleares en Mallorca y zonas alrededor de Calvi\u00e0 como Magaluf y Palma Nova.<\/span><\/p>\n<p><span style=\"font-family: arial, helvetica, sans-serif;\">Bien, vamos a profundizar un poco en el tipo de cambio en Mallorca y tambi\u00e9n a conocer otras cosas interesantes.<\/span><\/p>\n<h2><span style=\"font-family: arial, helvetica, sans-serif; font-size: 14pt;\">Tipo de cambio del euro en Mallorca<\/span><\/h2>\n<table style=\"border-collapse: collapse; width: 49.091%; height: 496px;\">\n<tbody>\n<tr style=\"height: 30px;\">\n<td style=\"width: 108.562px; height: 30px;\"><span style=\"background-color: #33cccc; font-family: arial, helvetica, sans-serif;\"><strong>Divisa<\/strong><\/span><\/td>\n<td style=\"width: 109.641px; height: 30px;\"><span style=\"background-color: #33cccc; font-family: arial, helvetica, sans-serif;\">Tarifas<\/span><\/td>\n<td style=\"width: 110.797px; height: 30px;\"><span style=\"background-color: #33cccc; font-family: arial, helvetica, sans-serif;\">Grandes cantidades<\/span><\/td>\n<\/tr>\n<tr style=\"height: 30px;\">\n<td style=\"width: 108.562px; height: 30px;\"><span style=\"font-family: arial, helvetica, sans-serif;\"><strong>GBP<\/strong><\/span><\/td>\n<td style=\"width: 109.641px; height: 30px;\"><span style=\"font-family: arial, helvetica, sans-serif;\">1,15<\/span><\/td>\n<td style=\"width: 110.797px; height: 30px;\"><span style=\"font-family: arial, helvetica, sans-serif;\">1,17<\/span><\/td>\n<\/tr>\n<tr style=\"height: 30px;\">\n<td style=\"width: 108.562px; height: 30px;\"><span style=\"font-family: arial, helvetica, sans-serif;\"><strong>D\u00f3lar estadounidense<\/strong><\/span><\/td>\n<td style=\"width: 109.641px; height: 30px;\"><span style=\"font-family: arial, helvetica, sans-serif;\">0,85<\/span><\/td>\n<td style=\"width: 110.797px; height: 30px;\"><span style=\"font-family: arial, helvetica, sans-serif;\">0,86<\/span><\/td>\n<\/tr>\n<tr style=\"height: 30px;\">\n<td style=\"width: 108.562px; height: 30px;\"><span style=\"font-family: arial, helvetica, sans-serif;\"><strong>franco suizo<\/strong><\/span><\/td>\n<td style=\"width: 109.641px; height: 30px;\"><span style=\"font-family: arial, helvetica, sans-serif;\">0,92<\/span><\/td>\n<td style=\"width: 110.797px; height: 30px;\"><span style=\"font-family: arial, helvetica, sans-serif;\">0,93<\/span><\/td>\n<\/tr>\n<tr style=\"height: 30px;\">\n<td style=\"width: 108.562px; height: 30px;\"><span style=\"font-family: arial, helvetica, sans-serif;\"><strong>Corona sueca<\/strong><\/span><\/td>\n<td style=\"width: 109.641px; height: 30px;\"><span style=\"font-family: arial, helvetica, sans-serif;\">0,091<\/span><\/td>\n<td style=\"width: 110.797px; height: 30px;\"><span style=\"font-family: arial, helvetica, sans-serif;\">0,092<\/span><\/td>\n<\/tr>\n<tr style=\"height: 30px;\">\n<td style=\"width: 108.562px; height: 30px;\"><span style=\"font-family: arial, helvetica, sans-serif;\"><strong>Corona noruega<\/strong><\/span><\/td>\n<td style=\"width: 109.641px; height: 30px;\"><span style=\"font-family: arial, helvetica, sans-serif;\">0,096<\/span><\/td>\n<td style=\"width: 110.797px; height: 30px;\">&#8211;<\/td>\n<\/tr>\n<tr style=\"height: 30px;\">\n<td style=\"width: 108.562px; height: 30px;\"><span style=\"font-family: arial, helvetica, sans-serif;\"><strong>Corona danesa<\/strong><\/span><\/td>\n<td style=\"width: 109.641px; height: 30px;\"><span style=\"font-family: arial, helvetica, sans-serif;\">0,13<\/span><\/td>\n<td style=\"width: 110.797px; height: 30px;\">&#8211;<\/td>\n<\/tr>\n<tr style=\"height: 30px;\">\n<td style=\"width: 108.562px; height: 30px;\"><span style=\"font-family: arial, helvetica, sans-serif;\"><strong>CANALLA<\/strong><\/span><\/td>\n<td style=\"width: 109.641px; height: 30px;\"><span style=\"font-family: arial, helvetica, sans-serif;\">0,66<\/span><\/td>\n<td style=\"width: 110.797px; height: 30px;\">&#8211;<\/td>\n<\/tr>\n<tr style=\"height: 30px;\">\n<td style=\"width: 108.562px; height: 30px;\"><span style=\"font-family: arial, helvetica, sans-serif;\"><strong>D\u00f3lar australiano<\/strong><\/span><\/td>\n<td style=\"width: 109.641px; height: 30px;\"><span style=\"font-family: arial, helvetica, sans-serif;\">0,60<\/span><\/td>\n<td style=\"width: 110.797px; height: 30px;\">&#8211;<\/td>\n<\/tr>\n<\/tbody>\n<\/table>\n<p><span style=\"font-family: arial, helvetica, sans-serif;\">Esta tabla que ves aqu\u00ed es una de las tasas de cambio m\u00e1s comunes en Mallorca, pero, si deseas comprobar las tasas en vivo para obtener los mejores tipos de cambio del euro para tu dinero, haz clic aqu\u00ed &gt; <a href=\"https:\/\/mallorcaexchange.com\/es\/\" target=\"_blank\" rel=\"noopener\"><span style=\"text-decoration: underline;\">cambio de moneda en mallorca<\/span><\/a><\/span><\/p>\n<p><span style=\"font-family: arial, helvetica, sans-serif;\">Si tambi\u00e9n tienes curiosidad por saber c\u00f3mo llegar a nuestra oficina, simplemente consulta este enlace para ir a Google Maps y <span style=\"text-decoration: underline;\"><a href=\"https:\/\/www.google.com\/maps\/place\/Av.+Magaluf,+6,+07181+Calvi%C3%A0,+Illes+Balears\/@39.5052063,2.530647,17z\/data=!4m18!1m12!4m11!1m3!2m2!1d2.5324172!2d39.5057816!1m6!1m2!1s0x129789292cc84037:0x321c2b8f9cc2579e!2sAv.+Magaluf,+6,+Calvi%C3%A0!2m2!1d2.5325889!2d39.5054837!3m4!1s0x129789292cc84037:0x321c2b8f9cc2579e!8m2!3d39.5054837!4d2.5325889\" target=\"_blank\" rel=\"nofollow noopener\">Encuentra el lugar adecuado para tu cambio de dinero<\/a><\/span> en Mallorca.<\/span><\/p>\n<p><span style=\"font-family: arial, helvetica, sans-serif;\">Bueno, ahora que sabes cu\u00e1l es realmente un tipo de cambio justo para tu dinero, analicemos otros temas de inter\u00e9s.<\/span><\/p>\n<h2><span style=\"font-size: 14pt; font-family: arial, helvetica, sans-serif;\">La Casa de Cambio en Palma<\/span><\/h2>\n<p><span style=\"font-family: arial, helvetica, sans-serif;\">\u00bfCrees que los tipos de cambio entre la ciudad principal de Palma, y el tipo de cambio que tenemos por ejemplo en nuestras oficinas de cambio situadas en Magaluf y Palmanova son diferentes? <\/span><\/p>\n<p><span style=\"font-family: arial, helvetica, sans-serif;\">Bueno, adivina qu\u00e9, \u00a1tienes toda la raz\u00f3n!\u00a0<\/span><\/p>\n<p><span style=\"font-family: arial, helvetica, sans-serif;\">Por lo general, en la ciudad central hay muchos turistas visitando la ciudad porque Mallorca es conocida por su hermosa historia y sus hermosas catedrales e iglesias entre algunas otras cosas interesantes y porque el centro de cada pa\u00eds suele ser el m\u00e1s visitado, como suele ser el m\u00e1s caro, por eso debes tener cuidado donde cambias tu dinero en la isla de Mallorca.<\/span><\/p>\n<p><span style=\"font-family: arial, helvetica, sans-serif;\">Mi punto aqu\u00ed es\u2026 si realmente est\u00e1s buscando cambiar tu dinero en Mallorca a un tipo de cambio justo, busca siempre otros lugares que no sean el centro de la ciudad donde los precios suelen ser un poco m\u00e1s altos, como en el aeropuerto de San Juan en Palma de Mallorca.<\/span><\/p>\n<p><span style=\"font-family: arial, helvetica, sans-serif;\">En nuestras oficinas de Magaluf y Palmanova, por ejemplo, intentamos siempre hacer lo posible para mantener el tipo de cambio lo mejor posible para usted.<\/span><\/p>\n<p><span style=\"font-family: arial, helvetica, sans-serif;\">Somos una empresa familiar que funciona desde 1972 y una de nuestras misiones es tratar a personas encantadoras como usted como si fueran familia para nosotros. Y usted solo quiere lo mejor para su familia, \u00bfno es as\u00ed? \u00a1Por supuesto!<\/span><\/p>\n<h2><span style=\"font-family: arial, helvetica, sans-serif; font-size: 14pt;\">\u00bfEs una buena idea cambiar dinero en Mallorca?<\/span><\/h2>\n<p><span style=\"font-family: arial, helvetica, sans-serif;\">Por supuesto, \u00a1es una buena idea! Normalmente, obtendr\u00e1s un tipo de cambio justo si <span style=\"text-decoration: underline;\"><a href=\"https:\/\/www.google.com\/maps\/place\/Av.+Magaluf,+6,+07181+Calvi%C3%A0,+Illes+Balears\/@39.5052063,2.530647,17z\/data=!4m18!1m12!4m11!1m3!2m2!1d2.5324172!2d39.5057816!1m6!1m2!1s0x129789292cc84037:0x321c2b8f9cc2579e!2sAv.+Magaluf,+6,+Calvi%C3%A0!2m2!1d2.5325889!2d39.5054837!3m4!1s0x129789292cc84037:0x321c2b8f9cc2579e!8m2!3d39.5054837!4d2.5325889\" target=\"_blank\" rel=\"nofollow noopener\">Encuentra el lugar adecuado para tu cambio de dinero<\/a><\/span> \u00a1en Mallorca!<\/span><\/p>\n<p><span style=\"font-family: arial, helvetica, sans-serif;\">En lugares como Palma de Mallorca vivimos y respiramos turismo, no hay ninguna raz\u00f3n real por la que no deber\u00edas cambiar tu dinero en Mallorca, el tipo de cambio del euro en Mallorca suele ser bastante justo.<\/span><\/p>","protected":false},"excerpt":{"rendered":"<p>Hola, antes que nada, espero que est\u00e9s pas\u00e1ndolo genial planeando tu viaje a Palma de Mallorca. Cuando se acerca el verano, el cambio de moneda y el cambio de divisas tambi\u00e9n llaman la atenci\u00f3n si viajas lejos y buscas algo de diversi\u00f3n. Y, por supuesto, todo el mundo se pregunta cu\u00e1les son los mejores lugares para cambiar tu [\u2026]<\/p>","protected":false},"author":2,"featured_media":1995,"parent":0,"menu_order":0,"comment_status":"closed","ping_status":"closed","template":"","meta":{"_acf_changed":false,"footnotes":""},"class_list":["post-1994","page","type-page","status-publish","has-post-thumbnail","hentry"],"acf":[],"yoast_head":"<!-- This site is optimized with the Yoast SEO plugin v26.7 - https:\/\/yoast.com\/wordpress\/plugins\/seo\/ -->\n<title>Money Exchange in Mallorca - Euro Exchange Rate | Mallorca Exchange<\/title>\n<meta name=\"description\" content=\"Do you know what&#039;s the actual euro exchange rate in Mallorca?... What if you could save money by reading this? Check this out and find out\" \/>\n<meta name=\"robots\" content=\"index, follow, max-snippet:-1, max-image-preview:large, max-video-preview:-1\" \/>\n<link rel=\"canonical\" href=\"https:\/\/mallorcaexchange.com\/es\/cambio-de-moneda-mallorca\/\" \/>\n<meta property=\"og:locale\" content=\"es_ES\" \/>\n<meta property=\"og:type\" content=\"article\" \/>\n<meta property=\"og:title\" content=\"Money Exchange in Mallorca - Euro Exchange Rate | Mallorca Exchange\" \/>\n<meta property=\"og:description\" content=\"Do you know what&#039;s the actual euro exchange rate in Mallorca?... What if you could save money by reading this? Check this out and find out\" \/>\n<meta property=\"og:url\" content=\"https:\/\/mallorcaexchange.com\/es\/cambio-de-moneda-mallorca\/\" \/>\n<meta property=\"og:site_name\" content=\"Mallorca Exchange : Currency Exchange Mallorca, Magaluf, Palmanova\" \/>\n<meta property=\"article:modified_time\" content=\"2025-08-07T17:10:52+00:00\" \/>\n<meta property=\"og:image\" content=\"http:\/\/mallorcaexchange.com\/wp-content\/uploads\/2022\/03\/pexels-karolina-grabowska-4386158-e1646170901904.jpg\" \/>\n\t<meta property=\"og:image:width\" content=\"640\" \/>\n\t<meta property=\"og:image:height\" content=\"729\" \/>\n\t<meta property=\"og:image:type\" content=\"image\/jpeg\" \/>\n<meta name=\"twitter:card\" content=\"summary_large_image\" \/>\n<meta name=\"twitter:label1\" content=\"Tiempo de lectura\" \/>\n\t<meta name=\"twitter:data1\" content=\"3 minutos\" \/>\n<script type=\"application\/ld+json\" class=\"yoast-schema-graph\">{\"@context\":\"https:\/\/schema.org\",\"@graph\":[{\"@type\":\"WebPage\",\"@id\":\"https:\/\/mallorcaexchange.com\/what-is-euro-exchange-mallorca\/\",\"url\":\"https:\/\/mallorcaexchange.com\/what-is-euro-exchange-mallorca\/\",\"name\":\"Money Exchange in Mallorca - Euro Exchange Rate | Mallorca Exchange\",\"isPartOf\":{\"@id\":\"https:\/\/mallorcaexchange.com\/#website\"},\"primaryImageOfPage\":{\"@id\":\"https:\/\/mallorcaexchange.com\/what-is-euro-exchange-mallorca\/#primaryimage\"},\"image\":{\"@id\":\"https:\/\/mallorcaexchange.com\/what-is-euro-exchange-mallorca\/#primaryimage\"},\"thumbnailUrl\":\"https:\/\/mallorcaexchange.com\/wp-content\/uploads\/2022\/03\/pexels-karolina-grabowska-4386158-e1646170901904.jpg\",\"datePublished\":\"2022-03-01T21:48:20+00:00\",\"dateModified\":\"2025-08-07T17:10:52+00:00\",\"description\":\"Do you know what's the actual euro exchange rate in Mallorca?... What if you could save money by reading this? Check this out and find out\",\"breadcrumb\":{\"@id\":\"https:\/\/mallorcaexchange.com\/what-is-euro-exchange-mallorca\/#breadcrumb\"},\"inLanguage\":\"es\",\"potentialAction\":[{\"@type\":\"ReadAction\",\"target\":[\"https:\/\/mallorcaexchange.com\/what-is-euro-exchange-mallorca\/\"]}]},{\"@type\":\"ImageObject\",\"inLanguage\":\"es\",\"@id\":\"https:\/\/mallorcaexchange.com\/what-is-euro-exchange-mallorca\/#primaryimage\",\"url\":\"https:\/\/mallorcaexchange.com\/wp-content\/uploads\/2022\/03\/pexels-karolina-grabowska-4386158-e1646170901904.jpg\",\"contentUrl\":\"https:\/\/mallorcaexchange.com\/wp-content\/uploads\/2022\/03\/pexels-karolina-grabowska-4386158-e1646170901904.jpg\",\"width\":640,\"height\":729,\"caption\":\"Money Exchange Mallorca\"},{\"@type\":\"BreadcrumbList\",\"@id\":\"https:\/\/mallorcaexchange.com\/what-is-euro-exchange-mallorca\/#breadcrumb\",\"itemListElement\":[{\"@type\":\"ListItem\",\"position\":1,\"name\":\"Home\",\"item\":\"https:\/\/mallorcaexchange.com\/\"},{\"@type\":\"ListItem\",\"position\":2,\"name\":\"What is the Euro Exchange Rate in Mallorca?\"}]},{\"@type\":\"WebSite\",\"@id\":\"https:\/\/mallorcaexchange.com\/#website\",\"url\":\"https:\/\/mallorcaexchange.com\/\",\"name\":\"Mallorca Exchange : Currency Exchange Mallorca, Magaluf, Palmanova\",\"description\":\"Aren&#039;t you tired of low currency exchange?.. We know, that&#039;s why In Mallorca Money Exchange since 1972 we are offering you the best exchange!\",\"publisher\":{\"@id\":\"https:\/\/mallorcaexchange.com\/#organization\"},\"potentialAction\":[{\"@type\":\"SearchAction\",\"target\":{\"@type\":\"EntryPoint\",\"urlTemplate\":\"https:\/\/mallorcaexchange.com\/?s={search_term_string}\"},\"query-input\":{\"@type\":\"PropertyValueSpecification\",\"valueRequired\":true,\"valueName\":\"search_term_string\"}}],\"inLanguage\":\"es\"},{\"@type\":\"Organization\",\"@id\":\"https:\/\/mallorcaexchange.com\/#organization\",\"name\":\"Mallorca Money Exchange\",\"url\":\"https:\/\/mallorcaexchange.com\/\",\"logo\":{\"@type\":\"ImageObject\",\"inLanguage\":\"es\",\"@id\":\"https:\/\/mallorcaexchange.com\/#\/schema\/logo\/image\/\",\"url\":\"\",\"contentUrl\":\"\",\"caption\":\"Mallorca Money Exchange\"},\"image\":{\"@id\":\"https:\/\/mallorcaexchange.com\/#\/schema\/logo\/image\/\"}}]}<\/script>\n<!-- \/ Yoast SEO plugin. -->","yoast_head_json":{"title":"Money Exchange in Mallorca - Euro Exchange Rate | Mallorca Exchange","description":"Do you know what's the actual euro exchange rate in Mallorca?... What if you could save money by reading this? Check this out and find out","robots":{"index":"index","follow":"follow","max-snippet":"max-snippet:-1","max-image-preview":"max-image-preview:large","max-video-preview":"max-video-preview:-1"},"canonical":"https:\/\/mallorcaexchange.com\/es\/cambio-de-moneda-mallorca\/","og_locale":"es_ES","og_type":"article","og_title":"Money Exchange in Mallorca - Euro Exchange Rate | Mallorca Exchange","og_description":"Do you know what's the actual euro exchange rate in Mallorca?... What if you could save money by reading this? Check this out and find out","og_url":"https:\/\/mallorcaexchange.com\/es\/cambio-de-moneda-mallorca\/","og_site_name":"Mallorca Exchange : Currency Exchange Mallorca, Magaluf, Palmanova","article_modified_time":"2025-08-07T17:10:52+00:00","og_image":[{"width":640,"height":729,"url":"http:\/\/mallorcaexchange.com\/wp-content\/uploads\/2022\/03\/pexels-karolina-grabowska-4386158-e1646170901904.jpg","type":"image\/jpeg"}],"twitter_card":"summary_large_image","twitter_misc":{"Tiempo de lectura":"3 minutos"},"schema":{"@context":"https:\/\/schema.org","@graph":[{"@type":"WebPage","@id":"https:\/\/mallorcaexchange.com\/what-is-euro-exchange-mallorca\/","url":"https:\/\/mallorcaexchange.com\/what-is-euro-exchange-mallorca\/","name":"Money Exchange in Mallorca - Euro Exchange Rate | Mallorca Exchange","isPartOf":{"@id":"https:\/\/mallorcaexchange.com\/#website"},"primaryImageOfPage":{"@id":"https:\/\/mallorcaexchange.com\/what-is-euro-exchange-mallorca\/#primaryimage"},"image":{"@id":"https:\/\/mallorcaexchange.com\/what-is-euro-exchange-mallorca\/#primaryimage"},"thumbnailUrl":"https:\/\/mallorcaexchange.com\/wp-content\/uploads\/2022\/03\/pexels-karolina-grabowska-4386158-e1646170901904.jpg","datePublished":"2022-03-01T21:48:20+00:00","dateModified":"2025-08-07T17:10:52+00:00","description":"Do you know what's the actual euro exchange rate in Mallorca?... What if you could save money by reading this? Check this out and find out","breadcrumb":{"@id":"https:\/\/mallorcaexchange.com\/what-is-euro-exchange-mallorca\/#breadcrumb"},"inLanguage":"es","potentialAction":[{"@type":"ReadAction","target":["https:\/\/mallorcaexchange.com\/what-is-euro-exchange-mallorca\/"]}]},{"@type":"ImageObject","inLanguage":"es","@id":"https:\/\/mallorcaexchange.com\/what-is-euro-exchange-mallorca\/#primaryimage","url":"https:\/\/mallorcaexchange.com\/wp-content\/uploads\/2022\/03\/pexels-karolina-grabowska-4386158-e1646170901904.jpg","contentUrl":"https:\/\/mallorcaexchange.com\/wp-content\/uploads\/2022\/03\/pexels-karolina-grabowska-4386158-e1646170901904.jpg","width":640,"height":729,"caption":"Money Exchange Mallorca"},{"@type":"BreadcrumbList","@id":"https:\/\/mallorcaexchange.com\/what-is-euro-exchange-mallorca\/#breadcrumb","itemListElement":[{"@type":"ListItem","position":1,"name":"Home","item":"https:\/\/mallorcaexchange.com\/"},{"@type":"ListItem","position":2,"name":"What is the Euro Exchange Rate in Mallorca?"}]},{"@type":"WebSite","@id":"https:\/\/mallorcaexchange.com\/#website","url":"https:\/\/mallorcaexchange.com\/","name":"Mallorca Exchange : Currency Exchange Mallorca, Magaluf, Palmanova","description":"Aren&#039;t you tired of low currency exchange?.. We know, that&#039;s why In Mallorca Money Exchange since 1972 we are offering you the best exchange!","publisher":{"@id":"https:\/\/mallorcaexchange.com\/#organization"},"potentialAction":[{"@type":"SearchAction","target":{"@type":"EntryPoint","urlTemplate":"https:\/\/mallorcaexchange.com\/?s={search_term_string}"},"query-input":{"@type":"PropertyValueSpecification","valueRequired":true,"valueName":"search_term_string"}}],"inLanguage":"es"},{"@type":"Organization","@id":"https:\/\/mallorcaexchange.com\/#organization","name":"Mallorca Money Exchange","url":"https:\/\/mallorcaexchange.com\/","logo":{"@type":"ImageObject","inLanguage":"es","@id":"https:\/\/mallorcaexchange.com\/#\/schema\/logo\/image\/","url":"","contentUrl":"","caption":"Mallorca Money Exchange"},"image":{"@id":"https:\/\/mallorcaexchange.com\/#\/schema\/logo\/image\/"}}]}},"_links":{"self":[{"href":"https:\/\/mallorcaexchange.com\/es\/wp-json\/wp\/v2\/pages\/1994","targetHints":{"allow":["GET"]}}],"collection":[{"href":"https:\/\/mallorcaexchange.com\/es\/wp-json\/wp\/v2\/pages"}],"about":[{"href":"https:\/\/mallorcaexchange.com\/es\/wp-json\/wp\/v2\/types\/page"}],"author":[{"embeddable":true,"href":"https:\/\/mallorcaexchange.com\/es\/wp-json\/wp\/v2\/users\/2"}],"replies":[{"embeddable":true,"href":"https:\/\/mallorcaexchange.com\/es\/wp-json\/wp\/v2\/comments?post=1994"}],"version-history":[{"count":5,"href":"https:\/\/mallorcaexchange.com\/es\/wp-json\/wp\/v2\/pages\/1994\/revisions"}],"predecessor-version":[{"id":2998,"href":"https:\/\/mallorcaexchange.com\/es\/wp-json\/wp\/v2\/pages\/1994\/revisions\/2998"}],"wp:featuredmedia":[{"embeddable":true,"href":"https:\/\/mallorcaexchange.com\/es\/wp-json\/wp\/v2\/media\/1995"}],"wp:attachment":[{"href":"https:\/\/mallorcaexchange.com\/es\/wp-json\/wp\/v2\/media?parent=1994"}],"curies":[{"name":"wp","href":"https:\/\/api.w.org\/{rel}","templated":true}]}}