{"id":1939,"date":"2022-02-25T13:06:08","date_gmt":"2022-02-25T13:06:08","guid":{"rendered":"https:\/\/mallorcaexchange.com\/?page_id=1939"},"modified":"2022-08-12T13:47:03","modified_gmt":"2022-08-12T13:47:03","slug":"about-us","status":"publish","type":"page","link":"https:\/\/mallorcaexchange.com\/es\/sobre-nosotros\/","title":{"rendered":"Sobre nosotros"},"content":{"rendered":"<p><span style=\"font-family: arial, helvetica, sans-serif;\">\u00a1Cambiar dinero en Mallorca a un tipo de cambio justo ahora es m\u00e1s f\u00e1cil que nunca!\u00a0<\/span><\/p>\n<p><span style=\"font-family: arial, helvetica, sans-serif;\">Somos una peque\u00f1a oficina de cambio de moneda familiar con sede en Mallorca desde 1972 y siempre nos hemos centrado en hacer que nuestros clientes obtengan los mejores momentos ofreciendo el mejor cambio de moneda.<\/span><\/p>\n<p><span style=\"font-family: arial, helvetica, sans-serif;\">Contamos con dos oficinas ubicadas en\u00a0<a href=\"https:\/\/en.wikipedia.org\/wiki\/Magaluf\" target=\"_blank\" rel=\"noopener\">Magalluf<\/a>, cerca\u00a0<a href=\"https:\/\/en.wikipedia.org\/wiki\/Magaluf_Beach\" target=\"_blank\" rel=\"noopener\">Playa de Magaluf<\/a>, y una oficina en\u00a0<a href=\"https:\/\/en.wikipedia.org\/wiki\/Palmanova\" target=\"_blank\" rel=\"noopener\">Palmanova<\/a>Sabemos lo dif\u00edcil que es para usted encontrar la oficina de cambio de moneda adecuada en Mallorca. Queremos que tenga el mejor cambio de moneda posible, somos una oficina de cambio de moneda en Mallorca seria que trabaja desde 1972 y creemos en ser justos.<\/span><br \/>\n<span style=\"font-family: arial, helvetica, sans-serif;\">El tiempo no nos ha cambiado sino que nos ha hecho m\u00e1s cari\u00f1osos y solidarios, queremos ser justos contigo.<\/span><\/p>\n<p><span style=\"font-family: arial, helvetica, sans-serif;\">Si deseas visitarnos, puedes buscar tu oficina m\u00e1s cercana en Magaluf o en Palmanova y preguntar los servicios disponibles en cada oficina, como <a href=\"https:\/\/mallorcaexchange.com\/es\/\">cambio de moneda en Magaluf<\/a>, cambio de moneda en Palmanova, alquiler de coches para ver Mallorca, cenas espect\u00e1culo para divertirse, excursiones, venta de entradas, paseos en barco\u2026 \u00a1y muchas otras actividades fant\u00e1sticas que har\u00e1n que tu estancia sea incre\u00edble!<\/span><\/p>\n<p><span style=\"font-family: arial, helvetica, sans-serif;\">\u00a1Est\u00e1s a un paso de disfrutar de tus vacaciones so\u00f1adas! Y todo ello con un cambio de moneda justo en Mallorca, somos fieles a ti.<\/span><\/p>\n<h2 style=\"text-align: center;\"><span style=\"font-size: 14pt; font-family: arial, helvetica, sans-serif;\">Cambio de moneda Palmanova (Nova Exchange)<\/span><br \/>\n<code><iframe style=\"border: 0;\" src=\"https:\/\/www.google.com\/maps\/embed?pb=!1m18!1m12!1m3!1d24626.243337487904!2d2.513561265430271!3d39.50816033896106!2m3!1f0!2f0!3f0!3m2!1i1024!2i768!4f13.1!3m3!1m2!1s0x1297897ce789ca3b%3A0xfca213656b708b13!2sNova%20Exchange!5e0!3m2!1sen!2ses!4v1648930719538!5m2!1sen!2ses\" width=\"600\" height=\"450\" allowfullscreen=\"allowfullscreen\"><\/iframe><\/code><\/h2>\n<h2 style=\"text-align: center;\"><span style=\"font-size: 14pt; font-family: arial, helvetica, sans-serif;\">Cambio de Moneda Magaluf (Cambio R\u00e1pido)<\/span><\/h2>\n<p style=\"text-align: center;\"><code><iframe style=\"border: 0;\" src=\"https:\/\/www.google.com\/maps\/embed?pb=!1m18!1m12!1m3!1d6156.564377881742!2d2.526693524035846!3d39.50812034561098!2m3!1f0!2f0!3f0!3m2!1i1024!2i768!4f13.1!3m3!1m2!1s0x129789f0423e5c29%3A0x58811108ba832955!2sQuick%20Exchange!5e0!3m2!1sen!2ses!4v1648930471657!5m2!1sen!2ses\" width=\"600\" height=\"450\" allowfullscreen=\"allowfullscreen\"><\/iframe><\/code><\/p>","protected":false},"excerpt":{"rendered":"<p>\u00a1Cambiar dinero en Mallorca a un precio justo ahora es m\u00e1s f\u00e1cil que nunca! Somos una peque\u00f1a oficina de cambio de moneda familiar con sede en Mallorca desde 1972 y siempre nos hemos centrado en hacer que nuestros clientes disfruten al m\u00e1ximo ofreci\u00e9ndoles el mejor cambio de moneda. Tenemos dos oficinas ubicadas en Magaluf, cerca de la playa de Magaluf, y una [\u2026]<\/p>","protected":false},"author":2,"featured_media":0,"parent":0,"menu_order":0,"comment_status":"closed","ping_status":"closed","template":"","meta":{"_acf_changed":false,"footnotes":""},"class_list":["post-1939","page","type-page","status-publish","hentry"],"acf":[],"yoast_head":"<!-- This site is optimized with the Yoast SEO plugin v26.7 - https:\/\/yoast.com\/wordpress\/plugins\/seo\/ -->\n<title>About Us | Mallorca Exchange : Currency Exchange Mallorca, Magaluf, Palmanova<\/title>\n<meta name=\"description\" content=\"Read about who we are and what we do in our money exchange office in Mallorca and all the other offices we have in Magaluf and Palmanova.\" \/>\n<meta name=\"robots\" content=\"index, follow, max-snippet:-1, max-image-preview:large, max-video-preview:-1\" \/>\n<link rel=\"canonical\" href=\"https:\/\/mallorcaexchange.com\/es\/sobre-nosotros\/\" \/>\n<meta property=\"og:locale\" content=\"es_ES\" \/>\n<meta property=\"og:type\" content=\"article\" \/>\n<meta property=\"og:title\" content=\"About Us | Mallorca Exchange : Currency Exchange Mallorca, Magaluf, Palmanova\" \/>\n<meta property=\"og:description\" content=\"Read about who we are and what we do in our money exchange office in Mallorca and all the other offices we have in Magaluf and Palmanova.\" \/>\n<meta property=\"og:url\" content=\"https:\/\/mallorcaexchange.com\/es\/sobre-nosotros\/\" \/>\n<meta property=\"og:site_name\" content=\"Mallorca Exchange : Currency Exchange Mallorca, Magaluf, Palmanova\" \/>\n<meta property=\"article:modified_time\" content=\"2022-08-12T13:47:03+00:00\" \/>\n<meta name=\"twitter:card\" content=\"summary_large_image\" \/>\n<meta name=\"twitter:label1\" content=\"Tiempo de lectura\" \/>\n\t<meta name=\"twitter:data1\" content=\"1 minuto\" \/>\n<script type=\"application\/ld+json\" class=\"yoast-schema-graph\">{\"@context\":\"https:\/\/schema.org\",\"@graph\":[{\"@type\":\"WebPage\",\"@id\":\"https:\/\/mallorcaexchange.com\/about-us\/\",\"url\":\"https:\/\/mallorcaexchange.com\/about-us\/\",\"name\":\"About Us | Mallorca Exchange : Currency Exchange Mallorca, Magaluf, Palmanova\",\"isPartOf\":{\"@id\":\"https:\/\/mallorcaexchange.com\/#website\"},\"datePublished\":\"2022-02-25T13:06:08+00:00\",\"dateModified\":\"2022-08-12T13:47:03+00:00\",\"description\":\"Read about who we are and what we do in our money exchange office in Mallorca and all the other offices we have in Magaluf and Palmanova.\",\"breadcrumb\":{\"@id\":\"https:\/\/mallorcaexchange.com\/about-us\/#breadcrumb\"},\"inLanguage\":\"es\",\"potentialAction\":[{\"@type\":\"ReadAction\",\"target\":[\"https:\/\/mallorcaexchange.com\/about-us\/\"]}]},{\"@type\":\"BreadcrumbList\",\"@id\":\"https:\/\/mallorcaexchange.com\/about-us\/#breadcrumb\",\"itemListElement\":[{\"@type\":\"ListItem\",\"position\":1,\"name\":\"Home\",\"item\":\"https:\/\/mallorcaexchange.com\/\"},{\"@type\":\"ListItem\",\"position\":2,\"name\":\"About Us\"}]},{\"@type\":\"WebSite\",\"@id\":\"https:\/\/mallorcaexchange.com\/#website\",\"url\":\"https:\/\/mallorcaexchange.com\/\",\"name\":\"Mallorca Exchange : Currency Exchange Mallorca, Magaluf, Palmanova\",\"description\":\"Aren&#039;t you tired of low currency exchange?.. We know, that&#039;s why In Mallorca Money Exchange since 1972 we are offering you the best exchange!\",\"publisher\":{\"@id\":\"https:\/\/mallorcaexchange.com\/#organization\"},\"potentialAction\":[{\"@type\":\"SearchAction\",\"target\":{\"@type\":\"EntryPoint\",\"urlTemplate\":\"https:\/\/mallorcaexchange.com\/?s={search_term_string}\"},\"query-input\":{\"@type\":\"PropertyValueSpecification\",\"valueRequired\":true,\"valueName\":\"search_term_string\"}}],\"inLanguage\":\"es\"},{\"@type\":\"Organization\",\"@id\":\"https:\/\/mallorcaexchange.com\/#organization\",\"name\":\"Mallorca Money Exchange\",\"url\":\"https:\/\/mallorcaexchange.com\/\",\"logo\":{\"@type\":\"ImageObject\",\"inLanguage\":\"es\",\"@id\":\"https:\/\/mallorcaexchange.com\/#\/schema\/logo\/image\/\",\"url\":\"\",\"contentUrl\":\"\",\"caption\":\"Mallorca Money Exchange\"},\"image\":{\"@id\":\"https:\/\/mallorcaexchange.com\/#\/schema\/logo\/image\/\"}}]}<\/script>\n<!-- \/ Yoast SEO plugin. -->","yoast_head_json":{"title":"About Us | Mallorca Exchange : Currency Exchange Mallorca, Magaluf, Palmanova","description":"Read about who we are and what we do in our money exchange office in Mallorca and all the other offices we have in Magaluf and Palmanova.","robots":{"index":"index","follow":"follow","max-snippet":"max-snippet:-1","max-image-preview":"max-image-preview:large","max-video-preview":"max-video-preview:-1"},"canonical":"https:\/\/mallorcaexchange.com\/es\/sobre-nosotros\/","og_locale":"es_ES","og_type":"article","og_title":"About Us | Mallorca Exchange : Currency Exchange Mallorca, Magaluf, Palmanova","og_description":"Read about who we are and what we do in our money exchange office in Mallorca and all the other offices we have in Magaluf and Palmanova.","og_url":"https:\/\/mallorcaexchange.com\/es\/sobre-nosotros\/","og_site_name":"Mallorca Exchange : Currency Exchange Mallorca, Magaluf, Palmanova","article_modified_time":"2022-08-12T13:47:03+00:00","twitter_card":"summary_large_image","twitter_misc":{"Tiempo de lectura":"1 minuto"},"schema":{"@context":"https:\/\/schema.org","@graph":[{"@type":"WebPage","@id":"https:\/\/mallorcaexchange.com\/about-us\/","url":"https:\/\/mallorcaexchange.com\/about-us\/","name":"About Us | Mallorca Exchange : Currency Exchange Mallorca, Magaluf, Palmanova","isPartOf":{"@id":"https:\/\/mallorcaexchange.com\/#website"},"datePublished":"2022-02-25T13:06:08+00:00","dateModified":"2022-08-12T13:47:03+00:00","description":"Read about who we are and what we do in our money exchange office in Mallorca and all the other offices we have in Magaluf and Palmanova.","breadcrumb":{"@id":"https:\/\/mallorcaexchange.com\/about-us\/#breadcrumb"},"inLanguage":"es","potentialAction":[{"@type":"ReadAction","target":["https:\/\/mallorcaexchange.com\/about-us\/"]}]},{"@type":"BreadcrumbList","@id":"https:\/\/mallorcaexchange.com\/about-us\/#breadcrumb","itemListElement":[{"@type":"ListItem","position":1,"name":"Home","item":"https:\/\/mallorcaexchange.com\/"},{"@type":"ListItem","position":2,"name":"About Us"}]},{"@type":"WebSite","@id":"https:\/\/mallorcaexchange.com\/#website","url":"https:\/\/mallorcaexchange.com\/","name":"Mallorca Exchange : Currency Exchange Mallorca, Magaluf, Palmanova","description":"Aren&#039;t you tired of low currency exchange?.. We know, that&#039;s why In Mallorca Money Exchange since 1972 we are offering you the best exchange!","publisher":{"@id":"https:\/\/mallorcaexchange.com\/#organization"},"potentialAction":[{"@type":"SearchAction","target":{"@type":"EntryPoint","urlTemplate":"https:\/\/mallorcaexchange.com\/?s={search_term_string}"},"query-input":{"@type":"PropertyValueSpecification","valueRequired":true,"valueName":"search_term_string"}}],"inLanguage":"es"},{"@type":"Organization","@id":"https:\/\/mallorcaexchange.com\/#organization","name":"Mallorca Money Exchange","url":"https:\/\/mallorcaexchange.com\/","logo":{"@type":"ImageObject","inLanguage":"es","@id":"https:\/\/mallorcaexchange.com\/#\/schema\/logo\/image\/","url":"","contentUrl":"","caption":"Mallorca Money Exchange"},"image":{"@id":"https:\/\/mallorcaexchange.com\/#\/schema\/logo\/image\/"}}]}},"_links":{"self":[{"href":"https:\/\/mallorcaexchange.com\/es\/wp-json\/wp\/v2\/pages\/1939","targetHints":{"allow":["GET"]}}],"collection":[{"href":"https:\/\/mallorcaexchange.com\/es\/wp-json\/wp\/v2\/pages"}],"about":[{"href":"https:\/\/mallorcaexchange.com\/es\/wp-json\/wp\/v2\/types\/page"}],"author":[{"embeddable":true,"href":"https:\/\/mallorcaexchange.com\/es\/wp-json\/wp\/v2\/users\/2"}],"replies":[{"embeddable":true,"href":"https:\/\/mallorcaexchange.com\/es\/wp-json\/wp\/v2\/comments?post=1939"}],"version-history":[{"count":5,"href":"https:\/\/mallorcaexchange.com\/es\/wp-json\/wp\/v2\/pages\/1939\/revisions"}],"predecessor-version":[{"id":2985,"href":"https:\/\/mallorcaexchange.com\/es\/wp-json\/wp\/v2\/pages\/1939\/revisions\/2985"}],"wp:attachment":[{"href":"https:\/\/mallorcaexchange.com\/es\/wp-json\/wp\/v2\/media?parent=1939"}],"curies":[{"name":"wp","href":"https:\/\/api.w.org\/{rel}","templated":true}]}}