{"id":1932,"date":"2022-02-25T12:46:42","date_gmt":"2022-02-25T12:46:42","guid":{"rendered":"https:\/\/mallorcaexchange.com\/?page_id=1932"},"modified":"2022-02-25T19:19:38","modified_gmt":"2022-02-25T19:19:38","slug":"money-exchange-magaluf-mallorca","status":"publish","type":"page","link":"https:\/\/mallorcaexchange.com\/es\/cambio-de-moneda-magaluf-mallorca\/","title":{"rendered":"C\u00f3mo encontrar tu oficina de cambio de moneda en Magaluf"},"content":{"rendered":"<h2><span style=\"font-family: verdana, geneva, sans-serif; font-size: 14pt;\">Cambio de Moneda en Magaluf y Divisas en Magaluf<\/span><\/h2>\n<p><span style=\"font-family: arial, helvetica, sans-serif;\">\u00bfHas visitado alguna vez Magaluf en Mallorca?\u2026<\/span><\/p>\n<p><span style=\"font-family: arial, helvetica, sans-serif;\">Como podr\u00e1s imaginar y habr\u00e1s o\u00eddo, Magaluf es uno de los mejores lugares que debes visitar cuando vayas a Mallorca por su impresionante playa, gastronom\u00eda, restaurantes, actividades y\u2026 \u00a1por supuesto! \u00a1sus famosas fiestas nocturnas!<\/span><\/p>\n<p><span style=\"font-family: arial, helvetica, sans-serif;\">De todos modos, lo que la mayor\u00eda de las personas claramente pasan por alto es encontrar el intercambio adecuado para sus <a style=\"font-weight: var( --e-global-typography-text-font-weight ); background-color: #ffffff;\" href=\"https:\/\/mallorcaexchange.com\/es\/\" target=\"_blank\" rel=\"noopener\"><u>Moneda en Magaluf<\/u><\/a>\u00a0Como sabes, encontrar el mejor cambio de moneda en Magaluf debe ser una de tus primeras prioridades al visitar la isla de Mallorca.<\/span><\/p>\n<h2 style=\"white-space: normal;\"><span style=\"font-family: verdana, geneva, sans-serif; font-size: 14pt;\">Nuestra Oficina de Cambio de Moneda en Magaluf<\/span><\/h2>\n<p><span style=\"font-family: arial, helvetica, sans-serif;\">Bien, ahora bien, si est\u00e1s en Magaluf claramente tienes que buscar la mejor oficina que ofrezca el mejor tipo de cambio para tu moneda en Magaluf, dicho esto veamos c\u00f3mo llegar.<\/span><\/p>\n<p><span style=\"font-family: arial, helvetica, sans-serif;\">En primer lugar, si tienes un tel\u00e9fono, aseg\u00farate de <span style=\"text-decoration: underline;\">Haga clic en este enlace<\/span> para poder abrir Google Maps y de esta manera llegar a nuestra oficina de cambio de moneda en Magaluf de forma f\u00e1cil.<\/span><\/p>\n<p><span style=\"font-family: arial, helvetica, sans-serif;\">Pero, si no tienes Google Maps, aseg\u00farate de preguntar a los locales, simplemente preg\u00fantales d\u00f3nde est\u00e1 la oficina de cambio de moneda cerca del banco BBVA.<\/span><\/p>\n<p><span style=\"font-family: arial, helvetica, sans-serif;\">De esta manera te aseguras de encontrarnos y una vez all\u00ed cambiar\u00e1s tu dinero y no tendr\u00e1s de qu\u00e9 preocuparte nunca m\u00e1s, adem\u00e1s ofrecemos entradas para el BCM y otras actividades incre\u00edbles e impresionantes.<\/span><\/p>\n<p><span style=\"font-family: arial, helvetica, sans-serif;\">Bueno, aqu\u00ed hay un ejemplo de la tabla que normalmente recibir\u00e1s en nuestras oficinas, aunque puede cambiar de vez en cuando, as\u00ed que aseg\u00farate de consultar nuestra p\u00e1gina de inicio &gt; <a href=\"https:\/\/mallorcaexchange.com\/es\/\" target=\"_blank\" rel=\"noopener\"><span style=\"text-decoration: underline;\">Bolsa de Mallorca<\/span><\/a> siempre.<\/span><\/p>\n<p><span style=\"font-family: arial, helvetica, sans-serif;\">A continuaci\u00f3n se muestra una tabla con las monedas en Magaluf:<\/span><\/p>\n<p><span style=\"font-family: arial, helvetica, sans-serif;\">(Como dije antes, aseg\u00farate de cambiar nuestra p\u00e1gina de inicio para ver los precios reales d\u00eda a d\u00eda)<\/span><\/p>\n<table style=\"border-collapse: collapse; width: 49.091%; height: 270px;\">\n<tbody>\n<tr style=\"height: 30px;\">\n<td style=\"width: 108.578px; height: 30px;\"><span style=\"background-color: #33cccc; font-family: arial, helvetica, sans-serif;\"><strong>Divisa<\/strong><\/span><\/td>\n<td style=\"width: 109.656px; height: 30px;\"><span style=\"background-color: #33cccc; font-family: arial, helvetica, sans-serif;\">Tarifas<\/span><\/td>\n<td style=\"width: 110.766px; height: 30px;\"><span style=\"background-color: #33cccc; font-family: arial, helvetica, sans-serif;\">Grandes cantidades<\/span><\/td>\n<\/tr>\n<tr style=\"height: 30px;\">\n<td style=\"width: 108.578px; height: 30px;\"><span style=\"font-family: arial, helvetica, sans-serif;\"><strong>GBP<\/strong><\/span><\/td>\n<td style=\"width: 109.656px; height: 30px;\"><span style=\"font-family: arial, helvetica, sans-serif;\">1,15<\/span><\/td>\n<td style=\"width: 110.766px; height: 30px;\"><span style=\"font-family: arial, helvetica, sans-serif;\">1,17<\/span><\/td>\n<\/tr>\n<tr style=\"height: 30px;\">\n<td style=\"width: 108.578px; height: 30px;\"><span style=\"font-family: arial, helvetica, sans-serif;\"><strong>D\u00f3lar estadounidense<\/strong><\/span><\/td>\n<td style=\"width: 109.656px; height: 30px;\"><span style=\"font-family: arial, helvetica, sans-serif;\">0,85<\/span><\/td>\n<td style=\"width: 110.766px; height: 30px;\"><span style=\"font-family: arial, helvetica, sans-serif;\">0,86<\/span><\/td>\n<\/tr>\n<tr style=\"height: 30px;\">\n<td style=\"width: 108.578px; height: 30px;\"><span style=\"font-family: arial, helvetica, sans-serif;\"><strong>franco suizo<\/strong><\/span><\/td>\n<td style=\"width: 109.656px; height: 30px;\"><span style=\"font-family: arial, helvetica, sans-serif;\">0,92<\/span><\/td>\n<td style=\"width: 110.766px; height: 30px;\"><span style=\"font-family: arial, helvetica, sans-serif;\">0,93<\/span><\/td>\n<\/tr>\n<tr style=\"height: 30px;\">\n<td style=\"width: 108.578px; height: 30px;\"><span style=\"font-family: arial, helvetica, sans-serif;\"><strong>Corona sueca<\/strong><\/span><\/td>\n<td style=\"width: 109.656px; height: 30px;\"><span style=\"font-family: arial, helvetica, sans-serif;\">0,091<\/span><\/td>\n<td style=\"width: 110.766px; height: 30px;\"><span style=\"font-family: arial, helvetica, sans-serif;\">0,092<\/span><\/td>\n<\/tr>\n<tr style=\"height: 30px;\">\n<td style=\"width: 108.578px; height: 30px;\"><span style=\"font-family: arial, helvetica, sans-serif;\"><strong>Corona noruega<\/strong><\/span><\/td>\n<td style=\"width: 109.656px; height: 30px;\"><span style=\"font-family: arial, helvetica, sans-serif;\">0,096<\/span><\/td>\n<td style=\"width: 110.766px; height: 30px;\">&#8211;<\/td>\n<\/tr>\n<tr style=\"height: 30px;\">\n<td style=\"width: 108.578px; height: 30px;\"><span style=\"font-family: arial, helvetica, sans-serif;\"><strong>Corona danesa<\/strong><\/span><\/td>\n<td style=\"width: 109.656px; height: 30px;\"><span style=\"font-family: arial, helvetica, sans-serif;\">0,13<\/span><\/td>\n<td style=\"width: 110.766px; height: 30px;\">&#8211;<\/td>\n<\/tr>\n<tr style=\"height: 30px;\">\n<td style=\"width: 108.578px; height: 30px;\"><span style=\"font-family: arial, helvetica, sans-serif;\"><strong>CANALLA<\/strong><\/span><\/td>\n<td style=\"width: 109.656px; height: 30px;\"><span style=\"font-family: arial, helvetica, sans-serif;\">0,66<\/span><\/td>\n<td style=\"width: 110.766px; height: 30px;\">&#8211;<\/td>\n<\/tr>\n<tr style=\"height: 30px;\">\n<td style=\"width: 108.578px; height: 30px;\"><span style=\"font-family: arial, helvetica, sans-serif;\"><strong>D\u00f3lar australiano<\/strong><\/span><\/td>\n<td style=\"width: 109.656px; height: 30px;\"><span style=\"font-family: arial, helvetica, sans-serif;\">0,60<\/span><\/td>\n<td style=\"width: 110.766px; height: 30px;\">&#8211;<\/td>\n<\/tr>\n<\/tbody>\n<\/table>\n<p>&nbsp;<\/p>\n<h2><span style=\"font-size: 14pt; font-family: arial, helvetica, sans-serif;\">\u00bfPor qu\u00e9 Mallorca Exchange?<\/span><\/h2>\n<p><span style=\"font-family: arial, helvetica, sans-serif;\">Bueno, \u00a1esta pregunta es muy f\u00e1cil en realidad!<\/span><\/p>\n<p><span style=\"font-family: arial, helvetica, sans-serif;\">Como empresa familiar que opera desde 1972\u2026<\/span><\/p>\n<p><span style=\"font-family: arial, helvetica, sans-serif;\">Sabemos la diferencia que supone obtener un cambio de moneda justo para tu cambio de divisas en Mallorca, sabemos que te encanta pasar los mejores momentos con tu familia, tus hijos y tus amigos, verlos sonre\u00edr, correr, saltar y todo tipo de cosas bonitas que hacen que su estancia sea tan dulce como una suave sonrisa.<\/span><\/p>\n<p><span style=\"font-family: arial, helvetica, sans-serif;\">Como entendemos tus principales inquietudes siempre intentamos ofrecerte la mejor relaci\u00f3n de cambio posible, y no s\u00f3lo eso, sino que tambi\u00e9n vendemos coches de alquiler, excursiones y otras actividades interesantes para que tu estancia sea simplemente incre\u00edble.<\/span><\/p>\n<p><span style=\"font-family: arial, helvetica, sans-serif;\">Espero que este peque\u00f1o post-gu\u00eda te haya sido de ayuda querido viajero, ten cuidado y no dejes de visitarnos. <a href=\"https:\/\/en.wikipedia.org\/wiki\/Mallorca\" target=\"_blank\" rel=\"nofollow noopener\">Mallorca<\/a>!<\/span><\/p>","protected":false},"excerpt":{"rendered":"<p>Money Exchange in Magaluf and Currency in Magaluf Have you ever visited Magaluf in Mallorca?&#8230; As you can imagine and may have heard, Magaluf is one of the best places you should visit when going to Mallorca because of its stunning beach, food, restaurants, activities, and&#8230; of course! the famous nightlife parties! Anyways, what most [&hellip;]<\/p>","protected":false},"author":2,"featured_media":1923,"parent":0,"menu_order":0,"comment_status":"closed","ping_status":"open","template":"","meta":{"_acf_changed":false,"footnotes":""},"class_list":["post-1932","page","type-page","status-publish","has-post-thumbnail","hentry"],"acf":[],"yoast_head":"<!-- This site is optimized with the Yoast SEO plugin v26.7 - https:\/\/yoast.com\/wordpress\/plugins\/seo\/ -->\n<title>Money Exchange Magaluf - Currency in Magaluf | Mallorca Exchange<\/title>\n<meta name=\"description\" content=\"Come and exchange your money in our offices located in Magaluf, Palmanova, and Santa Ponsa. Magaluf money exchange, Palmanova money exchange.\" \/>\n<meta name=\"robots\" content=\"index, follow, max-snippet:-1, max-image-preview:large, max-video-preview:-1\" \/>\n<link rel=\"canonical\" href=\"https:\/\/mallorcaexchange.com\/es\/cambio-de-moneda-magaluf-mallorca\/\" \/>\n<meta property=\"og:locale\" content=\"es_ES\" \/>\n<meta property=\"og:type\" content=\"article\" \/>\n<meta property=\"og:title\" content=\"Money Exchange Magaluf - Currency in Magaluf | Mallorca Exchange\" \/>\n<meta property=\"og:description\" content=\"Come and exchange your money in our offices located in Magaluf, Palmanova, and Santa Ponsa. Magaluf money exchange, Palmanova money exchange.\" \/>\n<meta property=\"og:url\" content=\"https:\/\/mallorcaexchange.com\/es\/cambio-de-moneda-magaluf-mallorca\/\" \/>\n<meta property=\"og:site_name\" content=\"Mallorca Exchange : Currency Exchange Mallorca, Magaluf, Palmanova\" \/>\n<meta property=\"article:modified_time\" content=\"2022-02-25T19:19:38+00:00\" \/>\n<meta property=\"og:image\" content=\"https:\/\/mallorcaexchange.com\/wp-content\/uploads\/2022\/02\/Money-Exchange-Office-in-Magaluf.png\" \/>\n\t<meta property=\"og:image:width\" content=\"1200\" \/>\n\t<meta property=\"og:image:height\" content=\"628\" \/>\n\t<meta property=\"og:image:type\" content=\"image\/png\" \/>\n<meta name=\"twitter:card\" content=\"summary_large_image\" \/>\n<meta name=\"twitter:label1\" content=\"Tiempo de lectura\" \/>\n\t<meta name=\"twitter:data1\" content=\"2 minutos\" \/>\n<script type=\"application\/ld+json\" class=\"yoast-schema-graph\">{\"@context\":\"https:\/\/schema.org\",\"@graph\":[{\"@type\":\"WebPage\",\"@id\":\"https:\/\/mallorcaexchange.com\/money-exchange-magaluf-mallorca\/\",\"url\":\"https:\/\/mallorcaexchange.com\/money-exchange-magaluf-mallorca\/\",\"name\":\"Money Exchange Magaluf - Currency in Magaluf | Mallorca Exchange\",\"isPartOf\":{\"@id\":\"https:\/\/mallorcaexchange.com\/#website\"},\"primaryImageOfPage\":{\"@id\":\"https:\/\/mallorcaexchange.com\/money-exchange-magaluf-mallorca\/#primaryimage\"},\"image\":{\"@id\":\"https:\/\/mallorcaexchange.com\/money-exchange-magaluf-mallorca\/#primaryimage\"},\"thumbnailUrl\":\"https:\/\/mallorcaexchange.com\/wp-content\/uploads\/2022\/02\/Money-Exchange-Office-in-Magaluf.png\",\"datePublished\":\"2022-02-25T12:46:42+00:00\",\"dateModified\":\"2022-02-25T19:19:38+00:00\",\"description\":\"Come and exchange your money in our offices located in Magaluf, Palmanova, and Santa Ponsa. Magaluf money exchange, Palmanova money exchange.\",\"breadcrumb\":{\"@id\":\"https:\/\/mallorcaexchange.com\/money-exchange-magaluf-mallorca\/#breadcrumb\"},\"inLanguage\":\"es\",\"potentialAction\":[{\"@type\":\"ReadAction\",\"target\":[\"https:\/\/mallorcaexchange.com\/money-exchange-magaluf-mallorca\/\"]}]},{\"@type\":\"ImageObject\",\"inLanguage\":\"es\",\"@id\":\"https:\/\/mallorcaexchange.com\/money-exchange-magaluf-mallorca\/#primaryimage\",\"url\":\"https:\/\/mallorcaexchange.com\/wp-content\/uploads\/2022\/02\/Money-Exchange-Office-in-Magaluf.png\",\"contentUrl\":\"https:\/\/mallorcaexchange.com\/wp-content\/uploads\/2022\/02\/Money-Exchange-Office-in-Magaluf.png\",\"width\":1200,\"height\":628,\"caption\":\"Magaluf Money Exchange\"},{\"@type\":\"BreadcrumbList\",\"@id\":\"https:\/\/mallorcaexchange.com\/money-exchange-magaluf-mallorca\/#breadcrumb\",\"itemListElement\":[{\"@type\":\"ListItem\",\"position\":1,\"name\":\"Home\",\"item\":\"https:\/\/mallorcaexchange.com\/\"},{\"@type\":\"ListItem\",\"position\":2,\"name\":\"How to Find your Money Exchange Office in Magaluf\"}]},{\"@type\":\"WebSite\",\"@id\":\"https:\/\/mallorcaexchange.com\/#website\",\"url\":\"https:\/\/mallorcaexchange.com\/\",\"name\":\"Mallorca Exchange : Currency Exchange Mallorca, Magaluf, Palmanova\",\"description\":\"Aren&#039;t you tired of low currency exchange?.. We know, that&#039;s why In Mallorca Money Exchange since 1972 we are offering you the best exchange!\",\"publisher\":{\"@id\":\"https:\/\/mallorcaexchange.com\/#organization\"},\"potentialAction\":[{\"@type\":\"SearchAction\",\"target\":{\"@type\":\"EntryPoint\",\"urlTemplate\":\"https:\/\/mallorcaexchange.com\/?s={search_term_string}\"},\"query-input\":{\"@type\":\"PropertyValueSpecification\",\"valueRequired\":true,\"valueName\":\"search_term_string\"}}],\"inLanguage\":\"es\"},{\"@type\":\"Organization\",\"@id\":\"https:\/\/mallorcaexchange.com\/#organization\",\"name\":\"Mallorca Money Exchange\",\"url\":\"https:\/\/mallorcaexchange.com\/\",\"logo\":{\"@type\":\"ImageObject\",\"inLanguage\":\"es\",\"@id\":\"https:\/\/mallorcaexchange.com\/#\/schema\/logo\/image\/\",\"url\":\"\",\"contentUrl\":\"\",\"caption\":\"Mallorca Money Exchange\"},\"image\":{\"@id\":\"https:\/\/mallorcaexchange.com\/#\/schema\/logo\/image\/\"}}]}<\/script>\n<!-- \/ Yoast SEO plugin. -->","yoast_head_json":{"title":"Money Exchange Magaluf - Currency in Magaluf | Mallorca Exchange","description":"Come and exchange your money in our offices located in Magaluf, Palmanova, and Santa Ponsa. Magaluf money exchange, Palmanova money exchange.","robots":{"index":"index","follow":"follow","max-snippet":"max-snippet:-1","max-image-preview":"max-image-preview:large","max-video-preview":"max-video-preview:-1"},"canonical":"https:\/\/mallorcaexchange.com\/es\/cambio-de-moneda-magaluf-mallorca\/","og_locale":"es_ES","og_type":"article","og_title":"Money Exchange Magaluf - Currency in Magaluf | Mallorca Exchange","og_description":"Come and exchange your money in our offices located in Magaluf, Palmanova, and Santa Ponsa. Magaluf money exchange, Palmanova money exchange.","og_url":"https:\/\/mallorcaexchange.com\/es\/cambio-de-moneda-magaluf-mallorca\/","og_site_name":"Mallorca Exchange : Currency Exchange Mallorca, Magaluf, Palmanova","article_modified_time":"2022-02-25T19:19:38+00:00","og_image":[{"width":1200,"height":628,"url":"https:\/\/mallorcaexchange.com\/wp-content\/uploads\/2022\/02\/Money-Exchange-Office-in-Magaluf.png","type":"image\/png"}],"twitter_card":"summary_large_image","twitter_misc":{"Tiempo de lectura":"2 minutos"},"schema":{"@context":"https:\/\/schema.org","@graph":[{"@type":"WebPage","@id":"https:\/\/mallorcaexchange.com\/money-exchange-magaluf-mallorca\/","url":"https:\/\/mallorcaexchange.com\/money-exchange-magaluf-mallorca\/","name":"Money Exchange Magaluf - Currency in Magaluf | Mallorca Exchange","isPartOf":{"@id":"https:\/\/mallorcaexchange.com\/#website"},"primaryImageOfPage":{"@id":"https:\/\/mallorcaexchange.com\/money-exchange-magaluf-mallorca\/#primaryimage"},"image":{"@id":"https:\/\/mallorcaexchange.com\/money-exchange-magaluf-mallorca\/#primaryimage"},"thumbnailUrl":"https:\/\/mallorcaexchange.com\/wp-content\/uploads\/2022\/02\/Money-Exchange-Office-in-Magaluf.png","datePublished":"2022-02-25T12:46:42+00:00","dateModified":"2022-02-25T19:19:38+00:00","description":"Come and exchange your money in our offices located in Magaluf, Palmanova, and Santa Ponsa. Magaluf money exchange, Palmanova money exchange.","breadcrumb":{"@id":"https:\/\/mallorcaexchange.com\/money-exchange-magaluf-mallorca\/#breadcrumb"},"inLanguage":"es","potentialAction":[{"@type":"ReadAction","target":["https:\/\/mallorcaexchange.com\/money-exchange-magaluf-mallorca\/"]}]},{"@type":"ImageObject","inLanguage":"es","@id":"https:\/\/mallorcaexchange.com\/money-exchange-magaluf-mallorca\/#primaryimage","url":"https:\/\/mallorcaexchange.com\/wp-content\/uploads\/2022\/02\/Money-Exchange-Office-in-Magaluf.png","contentUrl":"https:\/\/mallorcaexchange.com\/wp-content\/uploads\/2022\/02\/Money-Exchange-Office-in-Magaluf.png","width":1200,"height":628,"caption":"Magaluf Money Exchange"},{"@type":"BreadcrumbList","@id":"https:\/\/mallorcaexchange.com\/money-exchange-magaluf-mallorca\/#breadcrumb","itemListElement":[{"@type":"ListItem","position":1,"name":"Home","item":"https:\/\/mallorcaexchange.com\/"},{"@type":"ListItem","position":2,"name":"How to Find your Money Exchange Office in Magaluf"}]},{"@type":"WebSite","@id":"https:\/\/mallorcaexchange.com\/#website","url":"https:\/\/mallorcaexchange.com\/","name":"Mallorca Exchange : Currency Exchange Mallorca, Magaluf, Palmanova","description":"Aren&#039;t you tired of low currency exchange?.. We know, that&#039;s why In Mallorca Money Exchange since 1972 we are offering you the best exchange!","publisher":{"@id":"https:\/\/mallorcaexchange.com\/#organization"},"potentialAction":[{"@type":"SearchAction","target":{"@type":"EntryPoint","urlTemplate":"https:\/\/mallorcaexchange.com\/?s={search_term_string}"},"query-input":{"@type":"PropertyValueSpecification","valueRequired":true,"valueName":"search_term_string"}}],"inLanguage":"es"},{"@type":"Organization","@id":"https:\/\/mallorcaexchange.com\/#organization","name":"Mallorca Money Exchange","url":"https:\/\/mallorcaexchange.com\/","logo":{"@type":"ImageObject","inLanguage":"es","@id":"https:\/\/mallorcaexchange.com\/#\/schema\/logo\/image\/","url":"","contentUrl":"","caption":"Mallorca Money Exchange"},"image":{"@id":"https:\/\/mallorcaexchange.com\/#\/schema\/logo\/image\/"}}]}},"_links":{"self":[{"href":"https:\/\/mallorcaexchange.com\/es\/wp-json\/wp\/v2\/pages\/1932","targetHints":{"allow":["GET"]}}],"collection":[{"href":"https:\/\/mallorcaexchange.com\/es\/wp-json\/wp\/v2\/pages"}],"about":[{"href":"https:\/\/mallorcaexchange.com\/es\/wp-json\/wp\/v2\/types\/page"}],"author":[{"embeddable":true,"href":"https:\/\/mallorcaexchange.com\/es\/wp-json\/wp\/v2\/users\/2"}],"replies":[{"embeddable":true,"href":"https:\/\/mallorcaexchange.com\/es\/wp-json\/wp\/v2\/comments?post=1932"}],"version-history":[{"count":2,"href":"https:\/\/mallorcaexchange.com\/es\/wp-json\/wp\/v2\/pages\/1932\/revisions"}],"predecessor-version":[{"id":1953,"href":"https:\/\/mallorcaexchange.com\/es\/wp-json\/wp\/v2\/pages\/1932\/revisions\/1953"}],"wp:featuredmedia":[{"embeddable":true,"href":"https:\/\/mallorcaexchange.com\/es\/wp-json\/wp\/v2\/media\/1923"}],"wp:attachment":[{"href":"https:\/\/mallorcaexchange.com\/es\/wp-json\/wp\/v2\/media?parent=1932"}],"curies":[{"name":"wp","href":"https:\/\/api.w.org\/{rel}","templated":true}]}}